{"id":4845,"date":"2016-06-14T01:00:00","date_gmt":"2016-06-14T00:00:00","guid":{"rendered":"http:\/\/http:\/\/unikatna-slovenija.si\/product\/le-male-jean-paul-gaultier\/"},"modified":"2025-02-27T00:43:56","modified_gmt":"2025-02-26T23:43:56","slug":"le-male-jean-paul-gaultier","status":"publish","type":"product","link":"https:\/\/unikatna-slovenija.si\/en\/trgovina\/le-male-jean-paul-gaultier\/","title":{"rendered":"LE MALE &#8211; Jean Paul Gaultier"},"content":{"rendered":"<div class=\"col-r\">\n<h3 class=\"h4\">Sestavine<\/h3>\n<pre class=\"h5\">Zgornje note: meta, bergamotka, kardamom, sivka<\/pre>\n<pre class=\"h5\">Bazne note: carvi - ena od najstarej\u0161ih za\u010dimb v Evropi zelo podobna jane\u017eu, cimet, kumina, cvet pomaran\u010devca<\/pre>\n<pre class=\"h5\">Sr\u010dne note: fi\u017eol tonka, jantar, mo\u0161us, cedra, sandalovina, vanilija, les<\/pre>\n<\/div>\n<p><strong>Sestava: INCI:<\/strong>\u00a0Alcohol Denat, Parfum, Aqua, Triethly Citrate, Cinnamal, Coumarin, Eugenol, Geraniol, Hydroxyisohexly 3-Cyclohexene Carboxaldehyde, D-Limonene, Linalool, Butylphenyl Methylpropional, Alpha-Isomethyl Ionone<\/p>\n<p><strong>OPOZORILO:<\/strong>\u00a0Ni u\u017eitno, shranjujte stran od otrok<\/p>\n<p><strong>Datum uporabe:<\/strong>\u00a0natisnjen na deklaraciji parfuma<\/p>\n","protected":false},"excerpt":{"rendered":"<p>Parfum Le Male &#8211; Jean Paul Gaultier je seksi orientalska di\u0161ava za prave gospode. Sve\u017ei vonj bo prekril va\u0161e telo v \u010dutno provokativno aromo, ki bo va\u0161i osebnosti omogo\u010dila, da zablesti v polnem sijaju. Parfum Le Male na edinstven na\u010din v sebi zdru\u017euje mo\u0161kost in ne\u017enost. O\u010darljiva kombinacija sivke, bergamotke in kardamoma bo razkrila va\u0161 pravi jaz. Parfum vas bo napolnil s hrepenenjem po novih pustolov\u0161\u010dinah in daljnjih de\u017eelah. Edinstvena poletna di\u0161ava za mo\u010dne in pogumne mo\u0161ke!<\/p>\n","protected":false},"featured_media":10695,"template":"","meta":[],"product_brand":[],"product_cat":[231,221],"product_tag":[241,359],"class_list":{"0":"post-4845","1":"product","2":"type-product","3":"status-publish","4":"has-post-thumbnail","6":"product_cat-moski-parfumi","7":"product_cat-parfumi","8":"product_tag-jean-paul-gaultier","9":"product_tag-orientalski","11":"first","12":"instock","13":"shipping-taxable","14":"purchasable","15":"product-type-variable"},"aioseo_notices":[],"_links":{"self":[{"href":"https:\/\/unikatna-slovenija.si\/en\/wp-json\/wp\/v2\/product\/4845","targetHints":{"allow":["GET"]}}],"collection":[{"href":"https:\/\/unikatna-slovenija.si\/en\/wp-json\/wp\/v2\/product"}],"about":[{"href":"https:\/\/unikatna-slovenija.si\/en\/wp-json\/wp\/v2\/types\/product"}],"wp:featuredmedia":[{"embeddable":true,"href":"https:\/\/unikatna-slovenija.si\/en\/wp-json\/wp\/v2\/media\/10695"}],"wp:attachment":[{"href":"https:\/\/unikatna-slovenija.si\/en\/wp-json\/wp\/v2\/media?parent=4845"}],"wp:term":[{"taxonomy":"product_brand","embeddable":true,"href":"https:\/\/unikatna-slovenija.si\/en\/wp-json\/wp\/v2\/product_brand?post=4845"},{"taxonomy":"product_cat","embeddable":true,"href":"https:\/\/unikatna-slovenija.si\/en\/wp-json\/wp\/v2\/product_cat?post=4845"},{"taxonomy":"product_tag","embeddable":true,"href":"https:\/\/unikatna-slovenija.si\/en\/wp-json\/wp\/v2\/product_tag?post=4845"}],"curies":[{"name":"wp","href":"https:\/\/api.w.org\/{rel}","templated":true}]}}