{"id":4830,"date":"2016-06-14T01:00:00","date_gmt":"2016-06-14T00:00:00","guid":{"rendered":"http:\/\/http:\/\/unikatna-slovenija.si\/product\/bright-crystal-versace\/"},"modified":"2025-02-27T00:43:45","modified_gmt":"2025-02-26T23:43:45","slug":"bright-crystal-versace","status":"publish","type":"product","link":"https:\/\/unikatna-slovenija.si\/en\/trgovina\/bright-crystal-versace\/","title":{"rendered":"BRIGHT CRYSTAL &#8211; Versace"},"content":{"rendered":"<div class=\"col-r\">\n<h3 class=\"h4\">Sestavine<\/h3>\n<pre class=\"h5\">Zgornje note: ledeni akord, yuzu, granatno jabolko<\/pre>\n<pre class=\"h5\">Bazne note: potonika, lotus, magnolija<\/pre>\n<pre class=\"h5\">Sr\u010dne note: mo\u0161us, ambra, les<\/pre>\n<\/div>\n<p><strong>Sestava: INCI:<\/strong>\u00a0Alcohol Denat, Parfum, Aqua, Alergeny Citral, Eugenol, Farnesol, Isoeugenol, Lilial, Limonene, Linalol, Lyral, Geraniol, Coumarin<\/p>\n<p><strong>OPOZORILO:<\/strong>\u00a0Ni u\u017eitno, shranjujte stran od otrok<\/p>\n<p><strong>Datum uporabe:<\/strong>\u00a0natisnjen na deklaraciji parfuma<\/p>\n","protected":false},"excerpt":{"rendered":"<p>Bright Crystal &#8211; Versace je sadno-cvetli\u010dna di\u0161ava z lahkotnim pridihom mo\u0161usa. Je ena izmed najbolj priljubljenih\u00a0di\u0161av. Bright Crystal je ne\u017een in privla\u010den vonj, ki bo o\u010daral vsakogar. Parfum je primeren predvsem za no\u0161enje poleti. Hkrati se lahko zaradi poletnih cvetlic uporablja vse leto,\u00a0tako vam bo tudi pozimi pri\u010darala tople poletne romanti\u010dne ve\u010dere. Di\u0161ava Bright Crystal je primerna za vsako \u017eensko. Lepo se poda \u0161portnim \u017eenskam, odli\u010dna pa je tudi za no\u0161enje na delo s kostim\u010dki.<\/p>\n<p>&nbsp;<\/p>\n","protected":false},"featured_media":10683,"template":"","meta":[],"product_brand":[],"product_cat":[221,222],"product_tag":[356,247],"class_list":{"0":"post-4830","1":"product","2":"type-product","3":"status-publish","4":"has-post-thumbnail","6":"product_cat-parfumi","7":"product_cat-zenski-parfumi","8":"product_tag-cvetlicni","9":"product_tag-versace","11":"first","12":"instock","13":"shipping-taxable","14":"purchasable","15":"product-type-variable"},"aioseo_notices":[],"_links":{"self":[{"href":"https:\/\/unikatna-slovenija.si\/en\/wp-json\/wp\/v2\/product\/4830","targetHints":{"allow":["GET"]}}],"collection":[{"href":"https:\/\/unikatna-slovenija.si\/en\/wp-json\/wp\/v2\/product"}],"about":[{"href":"https:\/\/unikatna-slovenija.si\/en\/wp-json\/wp\/v2\/types\/product"}],"wp:featuredmedia":[{"embeddable":true,"href":"https:\/\/unikatna-slovenija.si\/en\/wp-json\/wp\/v2\/media\/10683"}],"wp:attachment":[{"href":"https:\/\/unikatna-slovenija.si\/en\/wp-json\/wp\/v2\/media?parent=4830"}],"wp:term":[{"taxonomy":"product_brand","embeddable":true,"href":"https:\/\/unikatna-slovenija.si\/en\/wp-json\/wp\/v2\/product_brand?post=4830"},{"taxonomy":"product_cat","embeddable":true,"href":"https:\/\/unikatna-slovenija.si\/en\/wp-json\/wp\/v2\/product_cat?post=4830"},{"taxonomy":"product_tag","embeddable":true,"href":"https:\/\/unikatna-slovenija.si\/en\/wp-json\/wp\/v2\/product_tag?post=4830"}],"curies":[{"name":"wp","href":"https:\/\/api.w.org\/{rel}","templated":true}]}}