{"id":4805,"date":"2016-06-14T01:00:00","date_gmt":"2016-06-14T00:00:00","guid":{"rendered":"http:\/\/http:\/\/unikatna-slovenija.si\/product\/gucci-rush-gucci\/"},"modified":"2025-02-27T00:43:33","modified_gmt":"2025-02-26T23:43:33","slug":"gucci-rush-gucci","status":"publish","type":"product","link":"https:\/\/unikatna-slovenija.si\/en\/trgovina\/gucci-rush-gucci\/","title":{"rendered":"GUCCI RUSH &#8211; Gucci"},"content":{"rendered":"<div class=\"col-r\">\n<h3 class=\"h4\">Sestavine<\/h3>\n<pre class=\"h5\">Zgornje note: frezija, vrtnica, gardenija<\/pre>\n<pre class=\"h5\">Bazne note: jasmin, vanilija<\/pre>\n<pre class=\"h5\">Sr\u010dne note: vetiver, koriander, pa\u010duli<\/pre>\n<\/div>\n<p>&nbsp;<\/p>\n<p><strong>Sestava: INCI:<\/strong>\u00a0Alcohol Denat, Parfum, Butylphenly Methylpropional, Hydroxyisohexly 3-Cyclohexene Carboxaldehyde, Aqua, Triethyl Citrate, Benzyl Salicylate, Geraniol, Hydroxy Citronellal, D-Limonene, Linalool, Alpha- Isomethyl Ionone<\/p>\n<p><strong>OPOZORILO:<\/strong>\u00a0Ni u\u017eitno, shranjujte stran od otrok<\/p>\n<p><strong>Datum uporabe:<\/strong>\u00a0natisnjen na deklaraciji parfuma<\/p>\n","protected":false},"excerpt":{"rendered":"<p>Gucci Rush je\u00a0\u017eenska in skrivnostna orientalska di\u0161ava. Nepri\u010dakovano vas udari s svojimi opojnimi toni in prebudi v vas prijeten ob\u010dutek.\u00a0Di\u0161ava je\u00a0sodobna, brez\u010dasna in zdru\u017euje nov slog. Ta di\u0161ava je\u00a0posebej zasnovana za \u017eenske vseh starosti, ki cenijo kakovost in izvirnost. Rush je di\u0161ava, ki je popolnoma druga\u010dna od drugih. Je kot nala\u0161\u010d za vse \u017eenske, ki vedo, kaj ho\u010dejo. Za \u017eenske, ki se ne bojijo\u00a0izra\u017eati svojih ob\u010dutkov.<\/p>\n","protected":false},"featured_media":10683,"template":"","meta":[],"product_brand":[],"product_cat":[221,222],"product_tag":[356,240,358],"class_list":{"0":"post-4805","1":"product","2":"type-product","3":"status-publish","4":"has-post-thumbnail","6":"product_cat-parfumi","7":"product_cat-zenski-parfumi","8":"product_tag-cvetlicni","9":"product_tag-gucci","10":"product_tag-lesni","12":"first","13":"instock","14":"shipping-taxable","15":"purchasable","16":"product-type-variable"},"aioseo_notices":[],"_links":{"self":[{"href":"https:\/\/unikatna-slovenija.si\/en\/wp-json\/wp\/v2\/product\/4805","targetHints":{"allow":["GET"]}}],"collection":[{"href":"https:\/\/unikatna-slovenija.si\/en\/wp-json\/wp\/v2\/product"}],"about":[{"href":"https:\/\/unikatna-slovenija.si\/en\/wp-json\/wp\/v2\/types\/product"}],"wp:featuredmedia":[{"embeddable":true,"href":"https:\/\/unikatna-slovenija.si\/en\/wp-json\/wp\/v2\/media\/10683"}],"wp:attachment":[{"href":"https:\/\/unikatna-slovenija.si\/en\/wp-json\/wp\/v2\/media?parent=4805"}],"wp:term":[{"taxonomy":"product_brand","embeddable":true,"href":"https:\/\/unikatna-slovenija.si\/en\/wp-json\/wp\/v2\/product_brand?post=4805"},{"taxonomy":"product_cat","embeddable":true,"href":"https:\/\/unikatna-slovenija.si\/en\/wp-json\/wp\/v2\/product_cat?post=4805"},{"taxonomy":"product_tag","embeddable":true,"href":"https:\/\/unikatna-slovenija.si\/en\/wp-json\/wp\/v2\/product_tag?post=4805"}],"curies":[{"name":"wp","href":"https:\/\/api.w.org\/{rel}","templated":true}]}}