{"id":4795,"date":"2016-06-14T01:00:00","date_gmt":"2016-06-14T00:00:00","guid":{"rendered":"http:\/\/http:\/\/unikatna-slovenija.si\/product\/flora-by-gucci-gucci\/"},"modified":"2025-02-27T01:25:32","modified_gmt":"2025-02-27T00:25:32","slug":"flora-by-gucci-gucci","status":"publish","type":"product","link":"https:\/\/unikatna-slovenija.si\/en\/trgovina\/flora-by-gucci-gucci\/","title":{"rendered":"FLORA BY GUCCI &#8211; Gucci"},"content":{"rendered":"<p><b>Sestavine<\/b><\/p>\n<pre class=\"h5\">Zgornje note: citrusi, mandarina, potonika<\/pre>\n<pre class=\"h5\">Bazne note: di\u0161e\u010di oljkovec, vrtnica<\/pre>\n<pre class=\"h5\">Sr\u010dne note: sandalovina, ro\u017enati poper, pa\u010duli<\/pre>\n<p style=\"font-weight: 400;\"><b><strong>Sestava: INCI:\u00a0<\/strong><\/b>Alcohol Denat, Parfum, Aqua, Triethyl Citrate, Benzyl Salicylate, Citral, Citronellol, Geraniol, Hexyl Cinnamal, Hydroxy Citronellal, Hydroxyisohexyl 3-Cyclohexene Carboxaldehyde, D-Limonene, Linalool, Buthylphenyl Methylpropional, Alpha-Isomethyl Ionone<\/p>\n<p style=\"font-weight: 400;\"><b><strong>OPOZORILO:<\/strong><\/b>\u00a0Ni u\u017eitno, shranjujte stran od otrok<\/p>\n<p style=\"font-weight: 400;\"><b><strong>Datum uporabe:<\/strong><\/b>\u00a0natisnjen na deklaraciji parfuma<\/p>\n","protected":false},"excerpt":{"rendered":"<p>Di\u0161ava odli\u010dno dopolni osebnost moderne \u017eenske, ki obo\u017euje romantiko, eleganco in ima zelo izbran okus. Zavijte se tudi vi v osve\u017eujo\u010do cvetli\u010dno tan\u010dico.<\/p>\n","protected":false},"featured_media":10683,"template":"","meta":[],"product_brand":[],"product_cat":[221,222],"product_tag":[356,240],"class_list":{"0":"post-4795","1":"product","2":"type-product","3":"status-publish","4":"has-post-thumbnail","6":"product_cat-parfumi","7":"product_cat-zenski-parfumi","8":"product_tag-cvetlicni","9":"product_tag-gucci","11":"first","12":"instock","13":"shipping-taxable","14":"purchasable","15":"product-type-variable"},"aioseo_notices":[],"_links":{"self":[{"href":"https:\/\/unikatna-slovenija.si\/en\/wp-json\/wp\/v2\/product\/4795","targetHints":{"allow":["GET"]}}],"collection":[{"href":"https:\/\/unikatna-slovenija.si\/en\/wp-json\/wp\/v2\/product"}],"about":[{"href":"https:\/\/unikatna-slovenija.si\/en\/wp-json\/wp\/v2\/types\/product"}],"wp:featuredmedia":[{"embeddable":true,"href":"https:\/\/unikatna-slovenija.si\/en\/wp-json\/wp\/v2\/media\/10683"}],"wp:attachment":[{"href":"https:\/\/unikatna-slovenija.si\/en\/wp-json\/wp\/v2\/media?parent=4795"}],"wp:term":[{"taxonomy":"product_brand","embeddable":true,"href":"https:\/\/unikatna-slovenija.si\/en\/wp-json\/wp\/v2\/product_brand?post=4795"},{"taxonomy":"product_cat","embeddable":true,"href":"https:\/\/unikatna-slovenija.si\/en\/wp-json\/wp\/v2\/product_cat?post=4795"},{"taxonomy":"product_tag","embeddable":true,"href":"https:\/\/unikatna-slovenija.si\/en\/wp-json\/wp\/v2\/product_tag?post=4795"}],"curies":[{"name":"wp","href":"https:\/\/api.w.org\/{rel}","templated":true}]}}