{"id":4790,"date":"2016-06-14T01:00:00","date_gmt":"2016-06-14T00:00:00","guid":{"rendered":"http:\/\/http:\/\/unikatna-slovenija.si\/product\/jadore-dior\/"},"modified":"2025-02-27T00:43:22","modified_gmt":"2025-02-26T23:43:22","slug":"jadore-dior","status":"publish","type":"product","link":"https:\/\/unikatna-slovenija.si\/en\/trgovina\/jadore-dior\/","title":{"rendered":"J&#8217;ADORE &#8211; Dior"},"content":{"rendered":"<p>Sestavine<\/p>\n<div class=\"col-r\">\n<pre class=\"h5\">Zgornje note: orhideja, mandarina, vrtnica<\/pre>\n<pre class=\"h5\">Bazne note: sliva, robide, vijolica<\/pre>\n<pre class=\"h5\">Sr\u010dne note: les, mo\u0161us, br\u0161ljan<\/pre>\n<\/div>\n<p>&nbsp;<\/p>\n<p><strong>Sestava: INCI:<\/strong>\u00a0Alcohol Denat, Parfum, Butylphenyl Methylpropional, Aqua, Triethyl Citrate, Benzyl Benzoate, Benzil Salicylate, Citronellol, Geraniol, Hexyl Cinnamal, Hydroxy Citronellal, Hydroxyisohexyl 3-Cyclohexene Carboxaldehyde, D-Limonene, Linalool, Alpha-Isomethyl Ionone<\/p>\n<p><strong>OPOZORILO:<\/strong>\u00a0Ni u\u017eitno, shranjujte stran od otrok<\/p>\n<p><strong>Datum uporabe:<\/strong>\u00a0natisnjen na deklaraciji parfuma<\/p>\n","protected":false},"excerpt":{"rendered":"<p><span lang=\"sl-SI\">J&#8217;adore &#8211; Dior\u00a0<\/span>je\u00a0<span lang=\"sl-SI\">izraz absolutne \u017eenskosti. Moderna di\u0161ava<\/span>\u00a0J&#8217;adore je\u00a0<span lang=\"sl-SI\">zelo priljubljen<\/span>a\u00a0<span lang=\"sl-SI\">pri mnogih \u017eenskah.\u00a0<\/span><span lang=\"sl-SI\">Sadno-cvetli\u010dni vonj parfuma<\/span>\u00a0Jadore\u00a0<span lang=\"sl-SI\">v sebi zdru\u017euje sve\u017eo mandarino in jasmin, orhidejo in vrtnico. Parf<\/span><span lang=\"sl-SI\">u<\/span><span lang=\"sl-SI\">m<\/span>\u00a0je\u00a0<span lang=\"sl-SI\">primeren za vsakodnevno no\u0161enje.\u00a0<\/span>J&#8217;adore je\u00a0<span lang=\"sl-SI\">brez\u010dasna klasika, fantasti\u010dna \u017eenska di\u0161ava, ki<\/span>\u00a0<span lang=\"sl-SI\">bo poudarila va\u0161o \u017eensko lepoto vsak dan.<\/span><\/p>\n","protected":false},"featured_media":10683,"template":"","meta":[],"product_brand":[],"product_cat":[221,222],"product_tag":[356,236],"class_list":{"0":"post-4790","1":"product","2":"type-product","3":"status-publish","4":"has-post-thumbnail","6":"product_cat-parfumi","7":"product_cat-zenski-parfumi","8":"product_tag-cvetlicni","9":"product_tag-dior","11":"first","12":"instock","13":"shipping-taxable","14":"purchasable","15":"product-type-variable"},"aioseo_notices":[],"_links":{"self":[{"href":"https:\/\/unikatna-slovenija.si\/en\/wp-json\/wp\/v2\/product\/4790","targetHints":{"allow":["GET"]}}],"collection":[{"href":"https:\/\/unikatna-slovenija.si\/en\/wp-json\/wp\/v2\/product"}],"about":[{"href":"https:\/\/unikatna-slovenija.si\/en\/wp-json\/wp\/v2\/types\/product"}],"wp:featuredmedia":[{"embeddable":true,"href":"https:\/\/unikatna-slovenija.si\/en\/wp-json\/wp\/v2\/media\/10683"}],"wp:attachment":[{"href":"https:\/\/unikatna-slovenija.si\/en\/wp-json\/wp\/v2\/media?parent=4790"}],"wp:term":[{"taxonomy":"product_brand","embeddable":true,"href":"https:\/\/unikatna-slovenija.si\/en\/wp-json\/wp\/v2\/product_brand?post=4790"},{"taxonomy":"product_cat","embeddable":true,"href":"https:\/\/unikatna-slovenija.si\/en\/wp-json\/wp\/v2\/product_cat?post=4790"},{"taxonomy":"product_tag","embeddable":true,"href":"https:\/\/unikatna-slovenija.si\/en\/wp-json\/wp\/v2\/product_tag?post=4790"}],"curies":[{"name":"wp","href":"https:\/\/api.w.org\/{rel}","templated":true}]}}