{"id":4750,"date":"2016-06-14T01:00:00","date_gmt":"2016-06-14T00:00:00","guid":{"rendered":"http:\/\/http:\/\/unikatna-slovenija.si\/product\/coco-mademoiselle-chanel\/"},"modified":"2025-02-27T01:18:52","modified_gmt":"2025-02-27T00:18:52","slug":"coco-mademoiselle-chanel","status":"publish","type":"product","link":"https:\/\/unikatna-slovenija.si\/en\/trgovina\/coco-mademoiselle-chanel\/","title":{"rendered":"COCO MADEMOISELLE &#8211; Chanel"},"content":{"rendered":"<p>Sestavine<\/p>\n<div class=\"col-r\">\n<pre class=\"h5\">Zgornje note: cvet pomaran\u010devca, pomaran\u010da, mandarina, bergamotka<\/pre>\n<pre class=\"h5\">Bazne note: jasmin, srame\u017eljivka, vrtnica, ylang ylang<\/pre>\n<pre class=\"h5\">Sr\u010dne note: vanilija, beli mo\u0161us, vetiver, fi\u017eol tonka, kadilo opoponax, pa\u010duli<\/pre>\n<\/div>\n<p>&nbsp;<\/p>\n<p><strong>Sestava: INCI:<\/strong>\u00a0Alcohol Denat, Parfum, Linalool, Butylphenyl Methylpropional, Aqua,Ttriethyl Citrate, Benzyl Salicylate, Citronellol Coumarin, Garaniol, Hexyl Cinnamal, Hydroxyisohexly 3-Cyclohexene Carboxaldehyde, D-Limonene<\/p>\n<p><strong>OPOZORILO:<\/strong>\u00a0Ni u\u017eitno, shranjujte stran od otrok<\/p>\n<p><strong>Datum uporabe:<\/strong>\u00a0natisnjen na deklaraciji parfuma<\/p>\n","protected":false},"excerpt":{"rendered":"<p>Di\u0161ava vas o\u010dara s svojo \u010dutnostjo. \u010cutnost in samozavest to je ta parfum. Di\u0161ava navdu\u0161i tudi najbolj zahtevne \u017eenske. Gre za izjemno di\u0161avo!<\/p>\n","protected":false},"featured_media":10683,"template":"","meta":[],"product_brand":[],"product_cat":[221,222],"product_tag":[228,356],"class_list":{"0":"post-4750","1":"product","2":"type-product","3":"status-publish","4":"has-post-thumbnail","6":"product_cat-parfumi","7":"product_cat-zenski-parfumi","8":"product_tag-chanel","9":"product_tag-cvetlicni","11":"first","12":"instock","13":"shipping-taxable","14":"purchasable","15":"product-type-variable"},"aioseo_notices":[],"_links":{"self":[{"href":"https:\/\/unikatna-slovenija.si\/en\/wp-json\/wp\/v2\/product\/4750","targetHints":{"allow":["GET"]}}],"collection":[{"href":"https:\/\/unikatna-slovenija.si\/en\/wp-json\/wp\/v2\/product"}],"about":[{"href":"https:\/\/unikatna-slovenija.si\/en\/wp-json\/wp\/v2\/types\/product"}],"wp:featuredmedia":[{"embeddable":true,"href":"https:\/\/unikatna-slovenija.si\/en\/wp-json\/wp\/v2\/media\/10683"}],"wp:attachment":[{"href":"https:\/\/unikatna-slovenija.si\/en\/wp-json\/wp\/v2\/media?parent=4750"}],"wp:term":[{"taxonomy":"product_brand","embeddable":true,"href":"https:\/\/unikatna-slovenija.si\/en\/wp-json\/wp\/v2\/product_brand?post=4750"},{"taxonomy":"product_cat","embeddable":true,"href":"https:\/\/unikatna-slovenija.si\/en\/wp-json\/wp\/v2\/product_cat?post=4750"},{"taxonomy":"product_tag","embeddable":true,"href":"https:\/\/unikatna-slovenija.si\/en\/wp-json\/wp\/v2\/product_tag?post=4750"}],"curies":[{"name":"wp","href":"https:\/\/api.w.org\/{rel}","templated":true}]}}