{"id":4740,"date":"2016-06-14T01:00:00","date_gmt":"2016-06-14T00:00:00","guid":{"rendered":"http:\/\/http:\/\/unikatna-slovenija.si\/product\/chloe-chloe\/"},"modified":"2025-02-27T00:43:11","modified_gmt":"2025-02-26T23:43:11","slug":"chloe-chloe","status":"publish","type":"product","link":"https:\/\/unikatna-slovenija.si\/en\/trgovina\/chloe-chloe\/","title":{"rendered":"CHLOE &#8211; Chloe"},"content":{"rendered":"<div class=\"col-r\">\n<h3 class=\"h4\">Sestavine<\/h3>\n<pre class=\"h5\">Zgornje note: frezija, li\u010di, potonika<\/pre>\n<pre class=\"h5\">Bazne note: magnolija, vrtnica, \u0161marnica<\/pre>\n<pre class=\"h5\">Sr\u010dne note: jantar, virginska cedra<\/pre>\n<\/div>\n<p>&nbsp;<\/p>\n<p><strong>Sestava: INCI:<\/strong>\u00a0Alcohol Denat, Parfum, Butylphenyl Methylpropional, Hydroxyisohexyl 3-Cyclohexene Carboxaldehyde, Aqua, Triethly Citrate, Benzyl Salicylate, Citronellol, Garaniol, Hexyl Cinnamal, Hydroxy Citronellal, D-Limonene, Alpha- Isomethyl Ionone<\/p>\n<p><strong>OPOZORILO:<\/strong>\u00a0Ni u\u017eitno, shranjujte stran od otrok<\/p>\n<p><strong>Datum uporabe:<\/strong>\u00a0natisnjen na deklaraciji parfuma<\/p>\n","protected":false},"excerpt":{"rendered":"<p>Chloe &#8211; Chloe je \u010dudovita, cvetli\u010dna, pudrasta di\u0161ava, ki nas navdaja s sve\u017eino. Polna je novih navdihov, domi\u0161ljije in o\u010darljivosti. Izra\u017ea \u010dut za stil popolne \u017eenske, ki ljubi modo, eleganco in inovantivnost. Prepredena je s \u010disto\u010do in igrivostjo. Ta parfum bo s svojo eleganco, lahkostjo in \u010disto\u010do o\u010daral vse \u017eenske. To je odli\u010dna di\u0161ava, ki vas bo s svojo igrivostjo in \u010dutnostjo presenetila v vsakem letnem \u010dasu. Njena velika prednost je dolgotrajni obstojni tok esenc. Tudi zato je Chloe dobila mnogo obo\u017eevalk po vsem svetu, ki so ji ostale zveste \u0161e naprej.<\/p>\n","protected":false},"featured_media":10683,"template":"","meta":[],"product_brand":[],"product_cat":[221,222],"product_tag":[257,356],"class_list":{"0":"post-4740","1":"product","2":"type-product","3":"status-publish","4":"has-post-thumbnail","6":"product_cat-parfumi","7":"product_cat-zenski-parfumi","8":"product_tag-chloe","9":"product_tag-cvetlicni","11":"first","12":"instock","13":"shipping-taxable","14":"purchasable","15":"product-type-variable"},"aioseo_notices":[],"_links":{"self":[{"href":"https:\/\/unikatna-slovenija.si\/en\/wp-json\/wp\/v2\/product\/4740","targetHints":{"allow":["GET"]}}],"collection":[{"href":"https:\/\/unikatna-slovenija.si\/en\/wp-json\/wp\/v2\/product"}],"about":[{"href":"https:\/\/unikatna-slovenija.si\/en\/wp-json\/wp\/v2\/types\/product"}],"wp:featuredmedia":[{"embeddable":true,"href":"https:\/\/unikatna-slovenija.si\/en\/wp-json\/wp\/v2\/media\/10683"}],"wp:attachment":[{"href":"https:\/\/unikatna-slovenija.si\/en\/wp-json\/wp\/v2\/media?parent=4740"}],"wp:term":[{"taxonomy":"product_brand","embeddable":true,"href":"https:\/\/unikatna-slovenija.si\/en\/wp-json\/wp\/v2\/product_brand?post=4740"},{"taxonomy":"product_cat","embeddable":true,"href":"https:\/\/unikatna-slovenija.si\/en\/wp-json\/wp\/v2\/product_cat?post=4740"},{"taxonomy":"product_tag","embeddable":true,"href":"https:\/\/unikatna-slovenija.si\/en\/wp-json\/wp\/v2\/product_tag?post=4740"}],"curies":[{"name":"wp","href":"https:\/\/api.w.org\/{rel}","templated":true}]}}