{"id":4715,"date":"2016-06-14T01:00:00","date_gmt":"2016-06-14T00:00:00","guid":{"rendered":"http:\/\/http:\/\/unikatna-slovenija.si\/product\/5th-avenue-elizabeth-arden\/"},"modified":"2025-02-27T00:43:00","modified_gmt":"2025-02-26T23:43:00","slug":"5th-avenue-elizabeth-arden","status":"publish","type":"product","link":"https:\/\/unikatna-slovenija.si\/en\/trgovina\/5th-avenue-elizabeth-arden\/","title":{"rendered":"5Th AVENUE &#8211; Elizabeth Arden"},"content":{"rendered":"<h3 style=\"font-weight: 500;\">Sestavine<\/h3>\n<pre class=\"h5\">Zgornje note: \u0161panski bezeg, mandarina, magnolija, bergamotka, lipa<\/pre>\n<pre class=\"h5\">Bazne note: vijolica, mu\u0161katni ore\u0161\u010dek, jasmin, breskev, vrtnica, tuberoza, ylang ylang<\/pre>\n<pre class=\"h5\">Sr\u010dne note: vanilija, jantar, sandalovina, mo\u0161us, perunika<\/pre>\n<p style=\"font-weight: 400;\"><b>Sestava:<\/b>\u00a0INCI:\u00a0Alcohol Denat, Parfum, Hydroxylsohexyl 3-Cyclohexene Carboxaldehyde, Aqua, Triethyl Citrate, Benzyl Alcohol, Benzyl Benzoate, Benzyl Salicylate, Citronellol, Geraniol, Hexyl Cinnamal, Hydroxy Citronellal, Isoeugenol, D-Limonene, Linalool, Buthylphenyl Methylpropional, Alpha-Isomethyl Ionone<\/p>\n<p style=\"font-weight: 400;\"><b>OPOZORILO:<\/b>\u00a0Ni u\u017eitno, shranjujte stran od otrok<\/p>\n<p style=\"font-weight: 400;\"><b>Datum uporabe:<\/b>\u00a0natisnjen na deklaraciji parfuma<\/p>\n","protected":false},"excerpt":{"rendered":"<p lang=\"sl-SI\">5Th Avenue je vznemirljiva mestna di\u0161ava, ki jo je navdihnila dinamika ene najbolj znanih ulic v New Yorku. Stilsko izoblikovana di\u0161ava vas bo najprej o\u010darala z ne\u017enimi toni \u0161panskega bezga in lipovega cveta. 5Th Avenue je di\u0161ava, ki odra\u017ea moderno ameri\u0161ko klasiko. Parfum, ki v sebi nosi enkratni dih velemesta, vas bo napolnil z energijo in hrepenenjem po novih do\u017eivetjih.<\/p>\n","protected":false},"featured_media":10683,"template":"","meta":[],"product_brand":[],"product_cat":[221,222],"product_tag":[356,256],"class_list":{"0":"post-4715","1":"product","2":"type-product","3":"status-publish","4":"has-post-thumbnail","6":"product_cat-parfumi","7":"product_cat-zenski-parfumi","8":"product_tag-cvetlicni","9":"product_tag-elizabeth-arden","11":"first","12":"instock","13":"shipping-taxable","14":"purchasable","15":"product-type-variable"},"aioseo_notices":[],"_links":{"self":[{"href":"https:\/\/unikatna-slovenija.si\/en\/wp-json\/wp\/v2\/product\/4715","targetHints":{"allow":["GET"]}}],"collection":[{"href":"https:\/\/unikatna-slovenija.si\/en\/wp-json\/wp\/v2\/product"}],"about":[{"href":"https:\/\/unikatna-slovenija.si\/en\/wp-json\/wp\/v2\/types\/product"}],"wp:featuredmedia":[{"embeddable":true,"href":"https:\/\/unikatna-slovenija.si\/en\/wp-json\/wp\/v2\/media\/10683"}],"wp:attachment":[{"href":"https:\/\/unikatna-slovenija.si\/en\/wp-json\/wp\/v2\/media?parent=4715"}],"wp:term":[{"taxonomy":"product_brand","embeddable":true,"href":"https:\/\/unikatna-slovenija.si\/en\/wp-json\/wp\/v2\/product_brand?post=4715"},{"taxonomy":"product_cat","embeddable":true,"href":"https:\/\/unikatna-slovenija.si\/en\/wp-json\/wp\/v2\/product_cat?post=4715"},{"taxonomy":"product_tag","embeddable":true,"href":"https:\/\/unikatna-slovenija.si\/en\/wp-json\/wp\/v2\/product_tag?post=4715"}],"curies":[{"name":"wp","href":"https:\/\/api.w.org\/{rel}","templated":true}]}}