{"id":4690,"date":"2016-06-14T00:00:00","date_gmt":"2016-06-13T23:00:00","guid":{"rendered":"http:\/\/http:\/\/unikatna-slovenija.si\/product\/angel-thiery-mugler\/"},"modified":"2025-02-27T00:42:39","modified_gmt":"2025-02-26T23:42:39","slug":"angel-thiery-mugler","status":"publish","type":"product","link":"https:\/\/unikatna-slovenija.si\/en\/trgovina\/angel-thiery-mugler\/","title":{"rendered":"ANGEL &#8211; Thiery Mugler"},"content":{"rendered":"<div class=\"col-r\">\n<h3 class=\"h4\">Sestavine<\/h3>\n<pre class=\"h5\">Zgornje note: sladkorna pena, mandarina, pomaran\u010da, kokos, lubenica, jasmin, bergamotka<\/pre>\n<pre class=\"h5\">Bazne note: marelica, jasmin, breskev, rde\u010de jagodi\u010dje, med, orhideja, robide, vrtnica, \u0161marnica, sliva<\/pre>\n<pre class=\"h5\">Sr\u010dne note: fi\u017eol tonka, jantar, mo\u0161us, vanilija, \u010dokolada, pa\u010duli<\/pre>\n<\/div>\n<p>&nbsp;<\/p>\n<p><strong>Sestava: INCI:<\/strong>\u00a0Alcohol Denat, Parfum,Butylphenyl Methylpropional, Aqua, Triethyl Citrate, Amyl Cinnamal, Benzyl Salicylate, Citronellol, Coumarin, Eugenol, Geraniol, Hexyl Cinnamal, D-Limonene, Linalol<\/p>\n<p><strong>OPOZORILO:<\/strong>\u00a0Ni u\u017eitno, shranjujte stran od otrok<\/p>\n<p><strong>Datum uporabe:<\/strong>\u00a0natisnjen na deklaraciji parfuma<\/p>\n","protected":false},"excerpt":{"rendered":"<p>Angel &#8211; Thiery Mugler je di\u0161ava za \u017eenske, ki hrepenijo po ne\u010dem eksluzivnem in neobi\u010dajnem. Parfum zna svojim uporabnicam s polnimi plju\u010di ponuditi sanjske lepote Vzhoda. Do potankosti premi\u0161ljena sestava tvori brez\u010dasno igro arom in ob\u010dutkov. Angel je angelska zvezda, ki bo razsijala vsako \u017eensko. Nau\u017eijte se ob\u010dutka neskon\u010dnosti.<\/p>\n<p>&nbsp;<\/p>\n","protected":false},"featured_media":10683,"template":"","meta":[],"product_brand":[],"product_cat":[221,222],"product_tag":[359,280],"class_list":{"0":"post-4690","1":"product","2":"type-product","3":"status-publish","4":"has-post-thumbnail","6":"product_cat-parfumi","7":"product_cat-zenski-parfumi","8":"product_tag-orientalski","9":"product_tag-thierry-mugler","11":"first","12":"instock","13":"shipping-taxable","14":"purchasable","15":"product-type-variable"},"aioseo_notices":[],"_links":{"self":[{"href":"https:\/\/unikatna-slovenija.si\/en\/wp-json\/wp\/v2\/product\/4690","targetHints":{"allow":["GET"]}}],"collection":[{"href":"https:\/\/unikatna-slovenija.si\/en\/wp-json\/wp\/v2\/product"}],"about":[{"href":"https:\/\/unikatna-slovenija.si\/en\/wp-json\/wp\/v2\/types\/product"}],"wp:featuredmedia":[{"embeddable":true,"href":"https:\/\/unikatna-slovenija.si\/en\/wp-json\/wp\/v2\/media\/10683"}],"wp:attachment":[{"href":"https:\/\/unikatna-slovenija.si\/en\/wp-json\/wp\/v2\/media?parent=4690"}],"wp:term":[{"taxonomy":"product_brand","embeddable":true,"href":"https:\/\/unikatna-slovenija.si\/en\/wp-json\/wp\/v2\/product_brand?post=4690"},{"taxonomy":"product_cat","embeddable":true,"href":"https:\/\/unikatna-slovenija.si\/en\/wp-json\/wp\/v2\/product_cat?post=4690"},{"taxonomy":"product_tag","embeddable":true,"href":"https:\/\/unikatna-slovenija.si\/en\/wp-json\/wp\/v2\/product_tag?post=4690"}],"curies":[{"name":"wp","href":"https:\/\/api.w.org\/{rel}","templated":true}]}}