{"id":4680,"date":"2016-06-14T01:00:00","date_gmt":"2016-06-14T00:00:00","guid":{"rendered":"http:\/\/http:\/\/unikatna-slovenija.si\/product\/la-vie-est-belle-lancome\/"},"modified":"2025-02-27T00:42:39","modified_gmt":"2025-02-26T23:42:39","slug":"la-vie-est-belle-lancome","status":"publish","type":"product","link":"https:\/\/unikatna-slovenija.si\/en\/trgovina\/la-vie-est-belle-lancome\/","title":{"rendered":"LA VIE EST BELLE &#8211; Lancome"},"content":{"rendered":"<div class=\"col-r\">\n<h3 class=\"h4\">Sestavine<\/h3>\n<pre class=\"h5\">Zgornje note: \u010drni ribez, hru\u0161ka<\/pre>\n<pre class=\"h5\">Bazne note: jasmin, cvet pomaran\u010devca, perunika<\/pre>\n<pre class=\"h5\">Sr\u010dne note: fi\u017eol tonka, praline, vanilija, pa\u010duli<\/pre>\n<\/div>\n<p><strong>Sestava: INCI:<\/strong>\u00a0Alcohol Denat, Parfum, Aqua, Triethyl Citrate, Alergeny Citronellol, Isoeugenol, Limonene, Linalool, Benzyl Salicylate<\/p>\n<p><strong>OPOZORILO:<\/strong>\u00a0Ni u\u017eitno, shranjujte stran od otrok<\/p>\n<p><strong>Datum uporabe:<\/strong>\u00a0natisnjen na deklaraciji parfuma<\/p>\n","protected":false},"excerpt":{"rendered":"<p>La Vie Est Belle &#8211; Lancome je izbrana \u017eenska sladka\u00a0 di\u0161ava. Ta edinstveni parfum je zasnovan tako, da vam bo takoj pri\u010daral nasmeh na obrazu. Bogata in hkrati zelo enostavna kompozicija di\u0161ave La Vie Est Belle bo v va\u0161e \u017eivljenje prinesla novo zgodbo. \u017denska di\u0161ava La Vie Est Bell simbolizira izbiro \u017eiveti svoje lastno \u017eivljenje po lastnem okusu in ga tako napolniti z lepoto.\u00a0 Parfum v sebi skriva uravnote\u017eeno kombinacijo lepote, mo\u010di in trajnosti.<\/p>\n","protected":false},"featured_media":10683,"template":"","meta":[],"product_brand":[],"product_cat":[221,222],"product_tag":[356,248],"class_list":{"0":"post-4680","1":"product","2":"type-product","3":"status-publish","4":"has-post-thumbnail","6":"product_cat-parfumi","7":"product_cat-zenski-parfumi","8":"product_tag-cvetlicni","9":"product_tag-lancome","11":"first","12":"instock","13":"shipping-taxable","14":"purchasable","15":"product-type-variable"},"aioseo_notices":[],"_links":{"self":[{"href":"https:\/\/unikatna-slovenija.si\/en\/wp-json\/wp\/v2\/product\/4680","targetHints":{"allow":["GET"]}}],"collection":[{"href":"https:\/\/unikatna-slovenija.si\/en\/wp-json\/wp\/v2\/product"}],"about":[{"href":"https:\/\/unikatna-slovenija.si\/en\/wp-json\/wp\/v2\/types\/product"}],"wp:featuredmedia":[{"embeddable":true,"href":"https:\/\/unikatna-slovenija.si\/en\/wp-json\/wp\/v2\/media\/10683"}],"wp:attachment":[{"href":"https:\/\/unikatna-slovenija.si\/en\/wp-json\/wp\/v2\/media?parent=4680"}],"wp:term":[{"taxonomy":"product_brand","embeddable":true,"href":"https:\/\/unikatna-slovenija.si\/en\/wp-json\/wp\/v2\/product_brand?post=4680"},{"taxonomy":"product_cat","embeddable":true,"href":"https:\/\/unikatna-slovenija.si\/en\/wp-json\/wp\/v2\/product_cat?post=4680"},{"taxonomy":"product_tag","embeddable":true,"href":"https:\/\/unikatna-slovenija.si\/en\/wp-json\/wp\/v2\/product_tag?post=4680"}],"curies":[{"name":"wp","href":"https:\/\/api.w.org\/{rel}","templated":true}]}}