{"id":4675,"date":"2016-06-14T01:00:00","date_gmt":"2016-06-14T00:00:00","guid":{"rendered":"http:\/\/http:\/\/unikatna-slovenija.si\/product\/ck-one-shock-calvin-klein\/"},"modified":"2025-02-27T00:42:38","modified_gmt":"2025-02-26T23:42:38","slug":"ck-one-shock-calvin-klein","status":"publish","type":"product","link":"https:\/\/unikatna-slovenija.si\/en\/trgovina\/ck-one-shock-calvin-klein\/","title":{"rendered":"CK ONE SHOCK &#8211; Calvin Klein"},"content":{"rendered":"<p><strong>Sestava: INCI:<\/strong> alcohol denat, parfum aqua Alergeny: citronellol, iso eugenol, limonene, linalool, benzyl salicylate, Linalool, cinnamal, citral<\/p>\n<p><strong>OPOZORILO:<\/strong> Ni u\u017eitno, shranjujte stran od otrok, ne pr\u0161ite v o\u010di, vnetljivo<\/p>\n<p><strong>Datum uporabe:<\/strong> natisnjen na deklaraciji parfuma<\/p>\n","protected":false},"excerpt":{"rendered":"<p>Di\u0161ava temelji na orientalsko-cvetli\u010dnih notah, ki ustvarjajo intimno vzdu\u0161je.<\/p>\n<p>&nbsp;<\/p>\n","protected":false},"featured_media":10683,"template":"","meta":[],"product_brand":[],"product_cat":[221,222],"product_tag":[238,359],"class_list":{"0":"post-4675","1":"product","2":"type-product","3":"status-publish","4":"has-post-thumbnail","6":"product_cat-parfumi","7":"product_cat-zenski-parfumi","8":"product_tag-calvin-klein","9":"product_tag-orientalski","11":"first","12":"instock","13":"shipping-taxable","14":"purchasable","15":"product-type-variable"},"aioseo_notices":[],"_links":{"self":[{"href":"https:\/\/unikatna-slovenija.si\/en\/wp-json\/wp\/v2\/product\/4675","targetHints":{"allow":["GET"]}}],"collection":[{"href":"https:\/\/unikatna-slovenija.si\/en\/wp-json\/wp\/v2\/product"}],"about":[{"href":"https:\/\/unikatna-slovenija.si\/en\/wp-json\/wp\/v2\/types\/product"}],"wp:featuredmedia":[{"embeddable":true,"href":"https:\/\/unikatna-slovenija.si\/en\/wp-json\/wp\/v2\/media\/10683"}],"wp:attachment":[{"href":"https:\/\/unikatna-slovenija.si\/en\/wp-json\/wp\/v2\/media?parent=4675"}],"wp:term":[{"taxonomy":"product_brand","embeddable":true,"href":"https:\/\/unikatna-slovenija.si\/en\/wp-json\/wp\/v2\/product_brand?post=4675"},{"taxonomy":"product_cat","embeddable":true,"href":"https:\/\/unikatna-slovenija.si\/en\/wp-json\/wp\/v2\/product_cat?post=4675"},{"taxonomy":"product_tag","embeddable":true,"href":"https:\/\/unikatna-slovenija.si\/en\/wp-json\/wp\/v2\/product_tag?post=4675"}],"curies":[{"name":"wp","href":"https:\/\/api.w.org\/{rel}","templated":true}]}}