{"id":4650,"date":"2016-06-13T01:00:00","date_gmt":"2016-06-13T00:00:00","guid":{"rendered":"http:\/\/http:\/\/unikatna-slovenija.si\/product\/opium-yves-saint-laurent\/"},"modified":"2025-02-27T00:42:29","modified_gmt":"2025-02-26T23:42:29","slug":"opium-yves-saint-laurent","status":"publish","type":"product","link":"https:\/\/unikatna-slovenija.si\/en\/trgovina\/opium-yves-saint-laurent\/","title":{"rendered":"Opium &#8211; Yves Saint Laurent"},"content":{"rendered":"<p><b>Sestavine<\/b><\/p>\n<pre class=\"h5\">Zgornje note: mandarina, \u0161marnica, bergamotka<\/pre>\n<pre class=\"h5\">Bazne note: jasmin, nagelj<\/pre>\n<pre class=\"h5\">Sr\u010dne note: pa\u010duli, kadilo opoponax, vanilija, jantar<\/pre>\n<p style=\"font-weight: 400;\"><b><strong>Sestava: INCI:<\/strong><\/b>\u00a0\u00a0Alcohol Denat, Parfum, D-Limonene, Aqua, Triethyl Citrate, Benzyl Salicylate, Citral, Citronellol, Geraniol, Hydroxy Citronellal, Hydroxyisohexyl 3-Cyclohexene Carboxaldehyde, Isoeugenol, Linalool, Butylphenyl Methylpropional, Alpha-Isomethyl Ionone<\/p>\n<p style=\"font-weight: 400;\"><b><strong>OPOZORILO:<\/strong><\/b>\u00a0Ni u\u017eitno, shranjujte stran od otrok<\/p>\n<p style=\"font-weight: 400;\"><b><strong>Datum uporabe:<\/strong><\/b>\u00a0natisnjen na deklaraciji parfuma<\/p>\n","protected":false},"excerpt":{"rendered":"<p>Gre za mo\u010dno di\u0161avo, ki je polna pustolov\u0161\u010din, ki se dogajajo v orientalskem svetu. Parfum je sestavljen iz so\u010dne mandarine, bergamotke, jasmina in mire. Bodite \u010dutna, edinstvena in popolna!<\/p>\n","protected":false},"featured_media":10683,"template":"","meta":[],"product_brand":[],"product_cat":[221,222],"product_tag":[359,253],"class_list":{"0":"post-4650","1":"product","2":"type-product","3":"status-publish","4":"has-post-thumbnail","6":"product_cat-parfumi","7":"product_cat-zenski-parfumi","8":"product_tag-orientalski","9":"product_tag-yves-saint-laurent","11":"first","12":"instock","13":"shipping-taxable","14":"purchasable","15":"product-type-variable"},"aioseo_notices":[],"_links":{"self":[{"href":"https:\/\/unikatna-slovenija.si\/en\/wp-json\/wp\/v2\/product\/4650","targetHints":{"allow":["GET"]}}],"collection":[{"href":"https:\/\/unikatna-slovenija.si\/en\/wp-json\/wp\/v2\/product"}],"about":[{"href":"https:\/\/unikatna-slovenija.si\/en\/wp-json\/wp\/v2\/types\/product"}],"wp:featuredmedia":[{"embeddable":true,"href":"https:\/\/unikatna-slovenija.si\/en\/wp-json\/wp\/v2\/media\/10683"}],"wp:attachment":[{"href":"https:\/\/unikatna-slovenija.si\/en\/wp-json\/wp\/v2\/media?parent=4650"}],"wp:term":[{"taxonomy":"product_brand","embeddable":true,"href":"https:\/\/unikatna-slovenija.si\/en\/wp-json\/wp\/v2\/product_brand?post=4650"},{"taxonomy":"product_cat","embeddable":true,"href":"https:\/\/unikatna-slovenija.si\/en\/wp-json\/wp\/v2\/product_cat?post=4650"},{"taxonomy":"product_tag","embeddable":true,"href":"https:\/\/unikatna-slovenija.si\/en\/wp-json\/wp\/v2\/product_tag?post=4650"}],"curies":[{"name":"wp","href":"https:\/\/api.w.org\/{rel}","templated":true}]}}