{"id":4645,"date":"2016-06-13T01:00:00","date_gmt":"2016-06-13T00:00:00","guid":{"rendered":"http:\/\/http:\/\/unikatna-slovenija.si\/product\/donna-trussardi\/"},"modified":"2025-02-27T00:42:18","modified_gmt":"2025-02-26T23:42:18","slug":"donna-trussardi","status":"publish","type":"product","link":"https:\/\/unikatna-slovenija.si\/en\/trgovina\/donna-trussardi\/","title":{"rendered":"DONNA &#8211; Trussardi"},"content":{"rendered":"<div class=\"col-r\">\n<h3 class=\"h4\">Sestavine<\/h3>\n<pre class=\"h5\">Zgornje note: sadne note, yuzu, limona<\/pre>\n<pre class=\"h5\">Bazne note: jasmin, lotus, cvet pomaran\u010devca<\/pre>\n<pre class=\"h5\">Sr\u010dne note: vanilija, cedra, pa\u010duli, sandalovina<\/pre>\n<\/div>\n<p>&nbsp;<\/p>\n<p><strong>Sestava: INCI:\u00a0<\/strong>Alcohol Denat, Parfum, Aqua, Triethyl Citrate, Citronellol, Geraniol, D-Limonene, Linalool<\/p>\n<p><strong>OPOZORILO<\/strong>: Ni u\u017eitno, shranjujte stran od otrok<\/p>\n<p><strong>Datum uporabe<\/strong>: natisnjen na deklaraciji parfuma<\/p>\n","protected":false},"excerpt":{"rendered":"<p>Donna &#8211; Trusarrdi je\u00a0odli\u010dna sve\u017ee-sladka di\u0161ava za \u017eenske. Uvr\u0161\u010da se med orientalsko-cvetli\u010dne di\u0161ave. Na za\u010detku je sladka in kasneje se odpirajo cvetli\u010dni toni. Z ne\u017enimi notami cvetja in lesa boste lepi\u00a0v vsakem trenutku svojega \u017eivljenja. Donna je nalo\u017eba, ki se bo vrnila ve\u010dkrat.<\/p>\n<p>&nbsp;<\/p>\n","protected":false},"featured_media":10683,"template":"","meta":[],"product_brand":[],"product_cat":[221,222],"product_tag":[356,359,252],"class_list":{"0":"post-4645","1":"product","2":"type-product","3":"status-publish","4":"has-post-thumbnail","6":"product_cat-parfumi","7":"product_cat-zenski-parfumi","8":"product_tag-cvetlicni","9":"product_tag-orientalski","10":"product_tag-trussardi","12":"first","13":"instock","14":"shipping-taxable","15":"purchasable","16":"product-type-variable"},"aioseo_notices":[],"_links":{"self":[{"href":"https:\/\/unikatna-slovenija.si\/en\/wp-json\/wp\/v2\/product\/4645","targetHints":{"allow":["GET"]}}],"collection":[{"href":"https:\/\/unikatna-slovenija.si\/en\/wp-json\/wp\/v2\/product"}],"about":[{"href":"https:\/\/unikatna-slovenija.si\/en\/wp-json\/wp\/v2\/types\/product"}],"wp:featuredmedia":[{"embeddable":true,"href":"https:\/\/unikatna-slovenija.si\/en\/wp-json\/wp\/v2\/media\/10683"}],"wp:attachment":[{"href":"https:\/\/unikatna-slovenija.si\/en\/wp-json\/wp\/v2\/media?parent=4645"}],"wp:term":[{"taxonomy":"product_brand","embeddable":true,"href":"https:\/\/unikatna-slovenija.si\/en\/wp-json\/wp\/v2\/product_brand?post=4645"},{"taxonomy":"product_cat","embeddable":true,"href":"https:\/\/unikatna-slovenija.si\/en\/wp-json\/wp\/v2\/product_cat?post=4645"},{"taxonomy":"product_tag","embeddable":true,"href":"https:\/\/unikatna-slovenija.si\/en\/wp-json\/wp\/v2\/product_tag?post=4645"}],"curies":[{"name":"wp","href":"https:\/\/api.w.org\/{rel}","templated":true}]}}