{"id":4620,"date":"2016-06-13T01:00:00","date_gmt":"2016-06-13T00:00:00","guid":{"rendered":"http:\/\/http:\/\/unikatna-slovenija.si\/product\/born-in-paradise-escada\/"},"modified":"2025-02-27T00:42:08","modified_gmt":"2025-02-26T23:42:08","slug":"born-in-paradise-escada","status":"publish","type":"product","link":"https:\/\/unikatna-slovenija.si\/en\/trgovina\/born-in-paradise-escada\/","title":{"rendered":"BORN IN PARADISE &#8211; Escada"},"content":{"rendered":"<div class=\"col-r\">\n<h3 class=\"h4\">Sestavine<\/h3>\n<pre class=\"h5\">Zgornje note: zelene jabolko, lubenica, guave<\/pre>\n<pre class=\"h5\">Bazne note: kokosovo mleko, ananas<\/pre>\n<pre class=\"h5\">Sr\u010dne note: mo\u0161us, cedra, sandalovina<\/pre>\n<\/div>\n<p><strong>Sestava: INCI:<\/strong>\u00a0Alcohol Denat, Parfum, Aqua, Triethyl Citrate, Alergeny Citronellol, Isoeugenol, Limonene, Linalool, Benzyl Salicylate<\/p>\n<p><strong>OPOZORILO:<\/strong>\u00a0Ni u\u017eitno, shranjujte stran od otrok<\/p>\n<p><strong>Datum uporabe:<\/strong>\u00a0natisnjen na deklaraciji parfuma<\/p>\n","protected":false},"excerpt":{"rendered":"<p>Born In Paradise\u00a0 Escada vas ponese v tropske destinacije Francoske Polinezije, kjer se lahko son\u010dite, kopate v morju in u\u017eivate na pla\u017ei. Eksoti\u010dna di\u0161ava zdru\u017euje sve\u017ee eksoti\u010dno sadje s kokosovim orehom in sladkostjo daljnih krajev. Di\u0161ava je namenjena \u017eenskam, ki ljubijo vro\u010dino in lahkomiselnost. Born In Paradise povrzo\u010di predstave, o katerih niti niste sanjali. Pustite se razvajati s prijetno di\u0161e\u010do kompozicijo.<\/p>\n<p>&nbsp;<\/p>\n","protected":false},"featured_media":10683,"template":"","meta":[],"product_brand":[],"product_cat":[221,222],"product_tag":[356,250],"class_list":{"0":"post-4620","1":"product","2":"type-product","3":"status-publish","4":"has-post-thumbnail","6":"product_cat-parfumi","7":"product_cat-zenski-parfumi","8":"product_tag-cvetlicni","9":"product_tag-escada","11":"first","12":"instock","13":"shipping-taxable","14":"purchasable","15":"product-type-variable"},"aioseo_notices":[],"_links":{"self":[{"href":"https:\/\/unikatna-slovenija.si\/en\/wp-json\/wp\/v2\/product\/4620","targetHints":{"allow":["GET"]}}],"collection":[{"href":"https:\/\/unikatna-slovenija.si\/en\/wp-json\/wp\/v2\/product"}],"about":[{"href":"https:\/\/unikatna-slovenija.si\/en\/wp-json\/wp\/v2\/types\/product"}],"wp:featuredmedia":[{"embeddable":true,"href":"https:\/\/unikatna-slovenija.si\/en\/wp-json\/wp\/v2\/media\/10683"}],"wp:attachment":[{"href":"https:\/\/unikatna-slovenija.si\/en\/wp-json\/wp\/v2\/media?parent=4620"}],"wp:term":[{"taxonomy":"product_brand","embeddable":true,"href":"https:\/\/unikatna-slovenija.si\/en\/wp-json\/wp\/v2\/product_brand?post=4620"},{"taxonomy":"product_cat","embeddable":true,"href":"https:\/\/unikatna-slovenija.si\/en\/wp-json\/wp\/v2\/product_cat?post=4620"},{"taxonomy":"product_tag","embeddable":true,"href":"https:\/\/unikatna-slovenija.si\/en\/wp-json\/wp\/v2\/product_tag?post=4620"}],"curies":[{"name":"wp","href":"https:\/\/api.w.org\/{rel}","templated":true}]}}