{"id":4600,"date":"2016-06-13T01:00:00","date_gmt":"2016-06-13T00:00:00","guid":{"rendered":"http:\/\/http:\/\/unikatna-slovenija.si\/product\/reveal-calvin-klein\/"},"modified":"2025-02-27T00:41:58","modified_gmt":"2025-02-26T23:41:58","slug":"reveal-calvin-klein","status":"publish","type":"product","link":"https:\/\/unikatna-slovenija.si\/en\/trgovina\/reveal-calvin-klein\/","title":{"rendered":"REVEAL &#8211; Calvin Klein"},"content":{"rendered":"<p style=\"font-weight: 400;\"><b>Sestavine<\/b><\/p>\n<pre class=\"h5\">Zgornje note: sol, beli poper, ro\u017enati poper, \u010drni poper<\/pre>\n<pre class=\"h5\">Bazne note: perunika, ambra<\/pre>\n<pre class=\"h5\">Sr\u010dne note: mo\u0161us, vetiver, ka\u0161mir, sandalovina<\/pre>\n<p style=\"font-weight: 400;\"><b><strong>Sestava: INCI:\u00a0<\/strong><\/b>Alcohol Denat, Parfum, Aqua, Triethyl Citrate, Alergeny Citronellol, Isoeugenol, Limonene, Linalool, Benzyl Salicylate<\/p>\n<p style=\"font-weight: 400;\"><b><strong>OPOZORILO:<\/strong><\/b>\u00a0Ni u\u017eitno, shranjujte stran od otrok<\/p>\n<p style=\"font-weight: 400;\"><b><strong>Datum uporabe:<\/strong><\/b>\u00a0natisnjen na deklaraciji parfuma<\/p>\n","protected":false},"excerpt":{"rendered":"<p>Reveal je polna sandalovine, morske soli in vetiverja. Gre za o\u010darljivo in samosvojo di\u0161e\u010do skrivnost, ki jo lahko okusite na lastni ko\u017ei.<\/p>\n","protected":false},"featured_media":10683,"template":"","meta":[],"product_brand":[],"product_cat":[221,222],"product_tag":[238,356,358],"class_list":{"0":"post-4600","1":"product","2":"type-product","3":"status-publish","4":"has-post-thumbnail","6":"product_cat-parfumi","7":"product_cat-zenski-parfumi","8":"product_tag-calvin-klein","9":"product_tag-cvetlicni","10":"product_tag-lesni","12":"first","13":"instock","14":"shipping-taxable","15":"purchasable","16":"product-type-variable"},"aioseo_notices":[],"_links":{"self":[{"href":"https:\/\/unikatna-slovenija.si\/en\/wp-json\/wp\/v2\/product\/4600","targetHints":{"allow":["GET"]}}],"collection":[{"href":"https:\/\/unikatna-slovenija.si\/en\/wp-json\/wp\/v2\/product"}],"about":[{"href":"https:\/\/unikatna-slovenija.si\/en\/wp-json\/wp\/v2\/types\/product"}],"wp:featuredmedia":[{"embeddable":true,"href":"https:\/\/unikatna-slovenija.si\/en\/wp-json\/wp\/v2\/media\/10683"}],"wp:attachment":[{"href":"https:\/\/unikatna-slovenija.si\/en\/wp-json\/wp\/v2\/media?parent=4600"}],"wp:term":[{"taxonomy":"product_brand","embeddable":true,"href":"https:\/\/unikatna-slovenija.si\/en\/wp-json\/wp\/v2\/product_brand?post=4600"},{"taxonomy":"product_cat","embeddable":true,"href":"https:\/\/unikatna-slovenija.si\/en\/wp-json\/wp\/v2\/product_cat?post=4600"},{"taxonomy":"product_tag","embeddable":true,"href":"https:\/\/unikatna-slovenija.si\/en\/wp-json\/wp\/v2\/product_tag?post=4600"}],"curies":[{"name":"wp","href":"https:\/\/api.w.org\/{rel}","templated":true}]}}