{"id":4581,"date":"2016-06-13T01:00:00","date_gmt":"2016-06-13T00:00:00","guid":{"rendered":"http:\/\/http:\/\/unikatna-slovenija.si\/product\/egoiste-platinum-chanel\/"},"modified":"2025-02-27T00:41:58","modified_gmt":"2025-02-26T23:41:58","slug":"egoiste-platinum-chanel","status":"publish","type":"product","link":"https:\/\/unikatna-slovenija.si\/en\/trgovina\/egoiste-platinum-chanel\/","title":{"rendered":"EGOISTE PLATINUM &#8211; Chanel"},"content":{"rendered":"<h3 style=\"font-weight: 500;\">Sestavine<\/h3>\n<pre class=\"h5\">Zgornje note: ingver, sivka, ro\u017emarin<\/pre>\n<pre class=\"h5\">Bazne note: krvomo\u010dnica, \u017eajbelj, galbanum<\/pre>\n<pre class=\"h5\">Sr\u010dne note: cedra, vetiver<\/pre>\n<p style=\"font-weight: 400;\"><b><strong>Sestava: INCI:\u00a0<\/strong><\/b>Alcohol Denat, Parfum, D\u2013Limonene, Aqua, Triethyl Citrate, Citral, Citronellol, Coumarin, Geraniol, Hexy Cinnamal, Hydroxyisohexyl 3 \u2013 Cyclohexene Carboxaldehyde, Isoeugenol, Linalool, Buthylphenyl Methylpropional<\/p>\n<p style=\"font-weight: 400;\"><b><strong>OPOZORILO:<\/strong><\/b>\u00a0Ni u\u017eitno, shranjujte stran od otrok<\/p>\n<p style=\"font-weight: 400;\"><b><strong>Datum uporabe:<\/strong><\/b>\u00a0natisnjen na deklaraciji parfuma<\/p>\n","protected":false},"excerpt":{"rendered":"<p><span lang=\"sl-SI\">Lahka eksoti\u010dna kombinacija alpske sivke, paragvajskega ingverja in ro\u017emarina se bo vtisnila globoko v va\u0161e \u010dute in vas o\u010darala z nespreminljivo strukturo sve\u017eine in ob<span lang=\"cs-CZ\">\u010d<\/span>utkov neuprljivosti.\u00a0Do\u017eivite prijetne ob\u010dutke ob\u010dudovanja in pozornosti, ki se vas bo<\/span><span lang=\"sl-SI\">do<\/span><span lang=\"sl-SI\">\u00a0<\/span><span lang=\"sl-SI\">dr\u017eali<\/span><span lang=\"sl-SI\">, kamor koli boste \u0161li.\u00a0<\/span><span lang=\"sl-SI\">Nabavite si brez\u010dasno klasiko, s katero ne boste nikoli usekali mimo. Postanite samozavestni mo\u0161ki, vreden ob\u010dudovanja!<\/span><\/p>\n","protected":false},"featured_media":10695,"template":"","meta":[],"product_brand":[],"product_cat":[231,221],"product_tag":[228,356,358],"class_list":{"0":"post-4581","1":"product","2":"type-product","3":"status-publish","4":"has-post-thumbnail","6":"product_cat-moski-parfumi","7":"product_cat-parfumi","8":"product_tag-chanel","9":"product_tag-cvetlicni","10":"product_tag-lesni","12":"first","13":"instock","14":"shipping-taxable","15":"purchasable","16":"product-type-variable"},"aioseo_notices":[],"_links":{"self":[{"href":"https:\/\/unikatna-slovenija.si\/en\/wp-json\/wp\/v2\/product\/4581","targetHints":{"allow":["GET"]}}],"collection":[{"href":"https:\/\/unikatna-slovenija.si\/en\/wp-json\/wp\/v2\/product"}],"about":[{"href":"https:\/\/unikatna-slovenija.si\/en\/wp-json\/wp\/v2\/types\/product"}],"wp:featuredmedia":[{"embeddable":true,"href":"https:\/\/unikatna-slovenija.si\/en\/wp-json\/wp\/v2\/media\/10695"}],"wp:attachment":[{"href":"https:\/\/unikatna-slovenija.si\/en\/wp-json\/wp\/v2\/media?parent=4581"}],"wp:term":[{"taxonomy":"product_brand","embeddable":true,"href":"https:\/\/unikatna-slovenija.si\/en\/wp-json\/wp\/v2\/product_brand?post=4581"},{"taxonomy":"product_cat","embeddable":true,"href":"https:\/\/unikatna-slovenija.si\/en\/wp-json\/wp\/v2\/product_cat?post=4581"},{"taxonomy":"product_tag","embeddable":true,"href":"https:\/\/unikatna-slovenija.si\/en\/wp-json\/wp\/v2\/product_tag?post=4581"}],"curies":[{"name":"wp","href":"https:\/\/api.w.org\/{rel}","templated":true}]}}