{"id":4580,"date":"2016-06-13T01:00:00","date_gmt":"2016-06-13T00:00:00","guid":{"rendered":"http:\/\/http:\/\/unikatna-slovenija.si\/product\/la-nuit-tresor-lancome\/"},"modified":"2025-02-27T00:41:48","modified_gmt":"2025-02-26T23:41:48","slug":"la-nuit-tresor-lancome","status":"publish","type":"product","link":"https:\/\/unikatna-slovenija.si\/en\/trgovina\/la-nuit-tresor-lancome\/","title":{"rendered":"LA NUIT TRESOR &#8211; Lancome"},"content":{"rendered":"<div id=\"opis\" class=\"product_contents  active\">\n<div>\n<div class=\"col-r\">\n<div class=\"col-r\">\n<div class=\"col-r\">\n<h3 class=\"h4\">Sestavine<\/h3>\n<pre class=\"h5\">Zgornje note: mandarina, hru\u0161ka, bergamotka<\/pre>\n<pre class=\"h5\">Bazne note: orhideja, francoski \u0161ipek, jagoda, marakuja<\/pre>\n<pre class=\"h5\">Sr\u010dne note: li\u010di, papirus, karamel, pa\u010duli, vanilija<\/pre>\n<\/div>\n<\/div>\n<\/div>\n<\/div>\n<\/div>\n<p><strong>\u00a0<\/strong><\/p>\n<p><strong>Sestava: INCI:\u00a0<\/strong>Alcohol Denat, Parfum, D-Limonene, Linalool, Aqua, Triethyl Citrate, Benzyl Salicylate, Citral, Butylphenyl Methylpropional, Alpha &#8211; Isomenthyl Ionone<\/p>\n<p><strong>OPOZORILO:<\/strong>\u00a0Ni u\u017eitno, shranjujte stran od otrok<\/p>\n<p><strong>Datum uporabe:<\/strong>\u00a0natisnjen na deklaraciji parfuma<\/p>\n","protected":false},"excerpt":{"rendered":"<p align=\"justify\">Sladek gurmanski afrodiziak in ljubezenski napitek La Nuit Tresor je me\u0161anica izvle\u010dkov \u010drne ro\u017ee in orhideje s Tahitija, obogatena z esencami papirusa, pa\u010dulija in li\u010dija. Ne obotavljaj se, privo\u0161\u010di si biti prava \u017eenska v vsakem trenutku.<\/p>\n","protected":false},"featured_media":10683,"template":"","meta":[],"product_brand":[],"product_cat":[221,222],"product_tag":[248,359],"class_list":{"0":"post-4580","1":"product","2":"type-product","3":"status-publish","4":"has-post-thumbnail","6":"product_cat-parfumi","7":"product_cat-zenski-parfumi","8":"product_tag-lancome","9":"product_tag-orientalski","11":"first","12":"instock","13":"shipping-taxable","14":"purchasable","15":"product-type-variable"},"aioseo_notices":[],"_links":{"self":[{"href":"https:\/\/unikatna-slovenija.si\/en\/wp-json\/wp\/v2\/product\/4580","targetHints":{"allow":["GET"]}}],"collection":[{"href":"https:\/\/unikatna-slovenija.si\/en\/wp-json\/wp\/v2\/product"}],"about":[{"href":"https:\/\/unikatna-slovenija.si\/en\/wp-json\/wp\/v2\/types\/product"}],"wp:featuredmedia":[{"embeddable":true,"href":"https:\/\/unikatna-slovenija.si\/en\/wp-json\/wp\/v2\/media\/10683"}],"wp:attachment":[{"href":"https:\/\/unikatna-slovenija.si\/en\/wp-json\/wp\/v2\/media?parent=4580"}],"wp:term":[{"taxonomy":"product_brand","embeddable":true,"href":"https:\/\/unikatna-slovenija.si\/en\/wp-json\/wp\/v2\/product_brand?post=4580"},{"taxonomy":"product_cat","embeddable":true,"href":"https:\/\/unikatna-slovenija.si\/en\/wp-json\/wp\/v2\/product_cat?post=4580"},{"taxonomy":"product_tag","embeddable":true,"href":"https:\/\/unikatna-slovenija.si\/en\/wp-json\/wp\/v2\/product_tag?post=4580"}],"curies":[{"name":"wp","href":"https:\/\/api.w.org\/{rel}","templated":true}]}}