{"id":4575,"date":"2016-06-13T01:00:00","date_gmt":"2016-06-13T00:00:00","guid":{"rendered":"http:\/\/http:\/\/unikatna-slovenija.si\/product\/gucci-ii-gucci\/"},"modified":"2025-02-27T00:41:48","modified_gmt":"2025-02-26T23:41:48","slug":"gucci-ii-gucci","status":"publish","type":"product","link":"https:\/\/unikatna-slovenija.si\/en\/trgovina\/gucci-ii-gucci\/","title":{"rendered":"GUCCI II &#8211; Gucci"},"content":{"rendered":"<p style=\"font-weight: 400;\"><b>Sestavine<\/b><\/p>\n<pre class=\"h5\">Zgornje note: \u010drni ribez, rde\u010di ribez, mandarina, grenka pomaran\u010da<\/pre>\n<pre class=\"h5\">Bazne note: frezija, \u0161marnica, jasmin, robide, vijolica, potonika<\/pre>\n<pre class=\"h5\">Sr\u010dne note: mo\u0161us, heliotrop, cedra<\/pre>\n<p style=\"font-weight: 400;\"><b><strong>Sestava: INCI:<\/strong><\/b><b><strong>\u00a0<\/strong><\/b>Alcohol Denat, Parfum, Aqua, Triethyl Citrate, Alergeny Citronellol, Isoeugenol, Limonene, Linalool, Benzyl Salicylate<\/p>\n<p style=\"font-weight: 400;\"><b><strong>OPOZORILO:<\/strong><\/b>\u00a0Ni u\u017eitno, shranjujte stran od otrok<\/p>\n<p style=\"font-weight: 400;\"><b><strong>Datum uporabe:<\/strong><\/b>\u00a0natisnjen na deklaraciji parfuma<\/p>\n","protected":false},"excerpt":{"rendered":"<p>Seksi di\u0161ava vas preprosto o\u010dara. Z di\u0161avo Gucci eau de Parfum II se boste po\u010dutili kot v najlep\u0161ih sanjah. Z di\u0161avo boste pravla\u010dni in neverjetno seksi. Uresni\u010dite svoje sanje s parfumom, ki ga sestavlja poletno sadje dopolnjeno z vijolico.<\/p>\n","protected":false},"featured_media":10683,"template":"","meta":[],"product_brand":[],"product_cat":[221,222],"product_tag":[356,240],"class_list":{"0":"post-4575","1":"product","2":"type-product","3":"status-publish","4":"has-post-thumbnail","6":"product_cat-parfumi","7":"product_cat-zenski-parfumi","8":"product_tag-cvetlicni","9":"product_tag-gucci","11":"first","12":"outofstock","13":"shipping-taxable","14":"purchasable","15":"product-type-variable"},"aioseo_notices":[],"_links":{"self":[{"href":"https:\/\/unikatna-slovenija.si\/en\/wp-json\/wp\/v2\/product\/4575","targetHints":{"allow":["GET"]}}],"collection":[{"href":"https:\/\/unikatna-slovenija.si\/en\/wp-json\/wp\/v2\/product"}],"about":[{"href":"https:\/\/unikatna-slovenija.si\/en\/wp-json\/wp\/v2\/types\/product"}],"wp:featuredmedia":[{"embeddable":true,"href":"https:\/\/unikatna-slovenija.si\/en\/wp-json\/wp\/v2\/media\/10683"}],"wp:attachment":[{"href":"https:\/\/unikatna-slovenija.si\/en\/wp-json\/wp\/v2\/media?parent=4575"}],"wp:term":[{"taxonomy":"product_brand","embeddable":true,"href":"https:\/\/unikatna-slovenija.si\/en\/wp-json\/wp\/v2\/product_brand?post=4575"},{"taxonomy":"product_cat","embeddable":true,"href":"https:\/\/unikatna-slovenija.si\/en\/wp-json\/wp\/v2\/product_cat?post=4575"},{"taxonomy":"product_tag","embeddable":true,"href":"https:\/\/unikatna-slovenija.si\/en\/wp-json\/wp\/v2\/product_tag?post=4575"}],"curies":[{"name":"wp","href":"https:\/\/api.w.org\/{rel}","templated":true}]}}