{"id":4560,"date":"2016-06-13T01:00:00","date_gmt":"2016-06-13T00:00:00","guid":{"rendered":"http:\/\/http:\/\/unikatna-slovenija.si\/product\/naomi-campbell-n-campbell\/"},"modified":"2025-02-27T00:41:48","modified_gmt":"2025-02-26T23:41:48","slug":"naomi-campbell-n-campbell","status":"publish","type":"product","link":"https:\/\/unikatna-slovenija.si\/en\/trgovina\/naomi-campbell-n-campbell\/","title":{"rendered":"NAOMI CAMPBELL &#8211; N. Campbell"},"content":{"rendered":"<div class=\"col-r\">\n<h3 class=\"h4\">Sestavine<\/h3>\n<pre class=\"h5\">Zgornje note: cvet pomaran\u010devca, mandarina, magnolija, jane\u017e, kokos, breskev, bergamotka, poper<\/pre>\n<pre class=\"h5\">Bazne note: cvetli\u010dne note, jasmin, vrtnica, \u0161marnica, poson\u010dnica, tuberoza<\/pre>\n<pre class=\"h5\">Sr\u010dne note: fi\u017eol tonka, jantar, vanilija, mo\u0161us, benzoin, sandalovina, cedra, karamela, kadilo opoponax<\/pre>\n<\/div>\n<p>&nbsp;<\/p>\n<p><strong>Sestava: INCI:<\/strong>\u00a0Alcohol Denat, Parfum, Benzyl Salicylate, Triethyl Citrate, Citral, Citronellol, Coumarin, Geraniol, Hydroxy citronellal, Hydroxyisohexyl 3-Cyclohexene Carboxaldehyde,\u00a0 D-Limonene, Linalool, Butylphenyl Methylpropional, Alpha-Isomethyl Ionone<\/p>\n<p><strong>OPOZORILO:<\/strong>\u00a0Ni u\u017eitno, shranjujte stran od otrok<\/p>\n<p><strong>Datum uporabe:<\/strong>\u00a0natisnjen na deklaraciji parfuma<\/p>\n","protected":false},"excerpt":{"rendered":"<p>Naomi je zapeljiva in nenavadna di\u0161ava za \u017eenske. Na za\u010detku vas di\u0161ava prevzame z magi\u010dnimi cvetovi pomaran\u010devca skupaj s kokosom, peko\u010do papriko in breskvijo, ki jih dopolnjuje zvezdasti jane\u017e. Prefinjen parfum za \u017eenske Naomi je primeren za ve\u010derno no\u0161enje. Di\u0161ava je namenjena za \u017eenske, ki hrepenijo postati uspe\u0161ne in neodvisne. Vedo za svoje \u017eivljenjske cilje, ki jih \u017eelijo dose\u010di, imajo nepremagljiv seksapil in jim je v\u0161e\u010d, \u010de zanje kdo ne\u017eno skrbi.<\/p>\n","protected":false},"featured_media":10683,"template":"","meta":[],"product_brand":[],"product_cat":[221,222],"product_tag":[356,358,235],"class_list":{"0":"post-4560","1":"product","2":"type-product","3":"status-publish","4":"has-post-thumbnail","6":"product_cat-parfumi","7":"product_cat-zenski-parfumi","8":"product_tag-cvetlicni","9":"product_tag-lesni","10":"product_tag-naomi-campbell","12":"first","13":"outofstock","14":"shipping-taxable","15":"purchasable","16":"product-type-variable"},"aioseo_notices":[],"_links":{"self":[{"href":"https:\/\/unikatna-slovenija.si\/en\/wp-json\/wp\/v2\/product\/4560","targetHints":{"allow":["GET"]}}],"collection":[{"href":"https:\/\/unikatna-slovenija.si\/en\/wp-json\/wp\/v2\/product"}],"about":[{"href":"https:\/\/unikatna-slovenija.si\/en\/wp-json\/wp\/v2\/types\/product"}],"wp:featuredmedia":[{"embeddable":true,"href":"https:\/\/unikatna-slovenija.si\/en\/wp-json\/wp\/v2\/media\/10683"}],"wp:attachment":[{"href":"https:\/\/unikatna-slovenija.si\/en\/wp-json\/wp\/v2\/media?parent=4560"}],"wp:term":[{"taxonomy":"product_brand","embeddable":true,"href":"https:\/\/unikatna-slovenija.si\/en\/wp-json\/wp\/v2\/product_brand?post=4560"},{"taxonomy":"product_cat","embeddable":true,"href":"https:\/\/unikatna-slovenija.si\/en\/wp-json\/wp\/v2\/product_cat?post=4560"},{"taxonomy":"product_tag","embeddable":true,"href":"https:\/\/unikatna-slovenija.si\/en\/wp-json\/wp\/v2\/product_tag?post=4560"}],"curies":[{"name":"wp","href":"https:\/\/api.w.org\/{rel}","templated":true}]}}