{"id":4515,"date":"2016-06-13T01:00:00","date_gmt":"2016-06-13T00:00:00","guid":{"rendered":"http:\/\/http:\/\/unikatna-slovenija.si\/product\/hugo-hugo-boss\/"},"modified":"2025-02-27T00:41:17","modified_gmt":"2025-02-26T23:41:17","slug":"hugo-hugo-boss","status":"publish","type":"product","link":"https:\/\/unikatna-slovenija.si\/en\/trgovina\/hugo-hugo-boss\/","title":{"rendered":"HUGO &#8211; Hugo Boss"},"content":{"rendered":"<div class=\"col-r\">\n<h3 class=\"h4\">Sestavine<\/h3>\n<pre class=\"h5\">Zgornje note: citrusi, jabolko, cimet, bergamotka<\/pre>\n<pre class=\"h5\">Bazne note: krvomo\u010dnica, nageljnove \u017ebice, mah<\/pre>\n<pre class=\"h5\">Sr\u010dne note: cedra, vetiver, sandalovina, les<\/pre>\n<\/div>\n<p><strong>Sestava: INCI:<\/strong>\u00a0Alcohol Denat, Parfum, Hydroxy Citronellal, Aqua, Triethyl Citrate, Linalool, D-Limonene, Benzyl Salicylate, Citral, Citronellol, Eugenol, Hydroxyisohexyl 3-Cyclohexene Carboxaldehyde, Butylphenyl Methylpropional, Alpha-Isomethyl Ionone, Isoeugenol<\/p>\n<p><strong>OPOZORILO:<\/strong>\u00a0Ni u\u017eitno, shranjujte stran od otrok<\/p>\n<p><strong>Datum uporabe:<\/strong>\u00a0natisnjen na deklaraciji parfuma<\/p>\n","protected":false},"excerpt":{"rendered":"<p>Mo\u0161ka\u00a0di\u0161ava Hugo &#8211; Hugo Boss je namenjena za mlade mo\u0161ke, ki majo navdu\u0161enje in \u017eeljo, da bi premagali ovire. Volja do \u017eivljenja, tako je mo\u017eno imenovati parfum, ki je\u00a0s svojo sestavo zelo specifi\u010den. Uravnote\u017eene note citrusov, skupaj z zelenim jabolkom in cimetom ustvarjajo edinstveno do\u017eivetje za va\u0161e \u010dute. Kasneje se razvije topel vonj redkih dreves, mahu in bergamotke. Ne posku\u0161ajte se upreti. Hugo vam poka\u017ee svet, kjer ni ni\u010d nemogo\u010de in vam omogo\u010da poskusiti mo\u010d, strast in \u017eeljo premagati sam sebe.\u00a0Parfum Hugo je zelo priljubljen. Zato ni \u010dudno, da je Hugo fenomen, ki naredi iz vsakega mo\u0161kega ikono, \u010de ho\u010de ali ne.<\/p>\n<div class=\"col-l\"><\/div>\n","protected":false},"featured_media":10695,"template":"","meta":[],"product_brand":[],"product_cat":[231,221],"product_tag":[242,357],"class_list":{"0":"post-4515","1":"product","2":"type-product","3":"status-publish","4":"has-post-thumbnail","6":"product_cat-moski-parfumi","7":"product_cat-parfumi","8":"product_tag-hugo-boss","9":"product_tag-svezi","11":"first","12":"outofstock","13":"shipping-taxable","14":"purchasable","15":"product-type-variable"},"aioseo_notices":[],"_links":{"self":[{"href":"https:\/\/unikatna-slovenija.si\/en\/wp-json\/wp\/v2\/product\/4515","targetHints":{"allow":["GET"]}}],"collection":[{"href":"https:\/\/unikatna-slovenija.si\/en\/wp-json\/wp\/v2\/product"}],"about":[{"href":"https:\/\/unikatna-slovenija.si\/en\/wp-json\/wp\/v2\/types\/product"}],"wp:featuredmedia":[{"embeddable":true,"href":"https:\/\/unikatna-slovenija.si\/en\/wp-json\/wp\/v2\/media\/10695"}],"wp:attachment":[{"href":"https:\/\/unikatna-slovenija.si\/en\/wp-json\/wp\/v2\/media?parent=4515"}],"wp:term":[{"taxonomy":"product_brand","embeddable":true,"href":"https:\/\/unikatna-slovenija.si\/en\/wp-json\/wp\/v2\/product_brand?post=4515"},{"taxonomy":"product_cat","embeddable":true,"href":"https:\/\/unikatna-slovenija.si\/en\/wp-json\/wp\/v2\/product_cat?post=4515"},{"taxonomy":"product_tag","embeddable":true,"href":"https:\/\/unikatna-slovenija.si\/en\/wp-json\/wp\/v2\/product_tag?post=4515"}],"curies":[{"name":"wp","href":"https:\/\/api.w.org\/{rel}","templated":true}]}}