{"id":4465,"date":"2016-06-13T01:00:00","date_gmt":"2016-06-13T00:00:00","guid":{"rendered":"http:\/\/http:\/\/unikatna-slovenija.si\/product\/joop-red-homme-joop\/"},"modified":"2025-02-27T00:41:00","modified_gmt":"2025-02-26T23:41:00","slug":"joop-red-homme-joop","status":"publish","type":"product","link":"https:\/\/unikatna-slovenija.si\/en\/trgovina\/joop-red-homme-joop\/","title":{"rendered":"JOOP RED HOMME &#8211; Joop"},"content":{"rendered":"<div class=\"col-r\">\n<h3 class=\"h4\">Sestavine<\/h3>\n<pre class=\"h5\">Zgornje note: cvet pomaran\u010devca, cimet, bergamotka<\/pre>\n<pre class=\"h5\">Bazne note: med, tobak, vetiver, sandalovina<\/pre>\n<pre class=\"h5\">Sr\u010dne note: fi\u017eol tonka, mo\u0161us, pa\u010duli<\/pre>\n<\/div>\n<p><strong>Sestava: INCI:<\/strong>\u00a0Alcohol Denat, Parfum, Aqua, Triethyl Citrate, Benzyl Alcohol, Benzyl Benzoate, Cinnamal, Citral, Eugenol, Hydroxy citronellal, D-Limonene, Linalool, Alpha-Isomethyl Ionone<\/p>\n<p><strong>OPOZORILO:<\/strong>\u00a0Ni u\u017eitno, shranjujte stran od otrok<\/p>\n<p><strong>Datum uporabe:<\/strong>\u00a0natisnjen na deklaraciji parfuma<\/p>\n","protected":false},"excerpt":{"rendered":"<p>Joop Homme je zna\u010dilen vonj za mo\u0161ke. Tako specifi\u010dne in nove variacije tega parfuma\u00a0so bolj primerne za zrele mo\u0161ke, ki so trdno zasidrani v svojih pogledih na svet in svojo okolico. Topel medast vonj tobaka in cimeta\u00a0se popolnoma me\u0161a s cvetovi citrusa\u00a0in redkih dreves, kar dodaja parfumu Homme mo\u0161ki okus. Vonj, ki zdr\u017ei\u00a0nenavadno dolgo in pridobi marsikatero \u017eensko srce, to je Joop Red. U\u017eivajte v zna\u010dilni edinstvenosti. Parfum, katerega prepoznate med tiso\u010dimi in se vtisne globoko v va\u0161e \u010dute. Tako, da\u00a0nikoli ve\u010d\u00a0ne boste hrepeneli po drugem, kot je\u00a0JoopRed.<\/p>\n","protected":false},"featured_media":10695,"template":"","meta":[],"product_brand":[],"product_cat":[231,221],"product_tag":[239,359],"class_list":{"0":"post-4465","1":"product","2":"type-product","3":"status-publish","4":"has-post-thumbnail","6":"product_cat-moski-parfumi","7":"product_cat-parfumi","8":"product_tag-joop","9":"product_tag-orientalski","11":"first","12":"instock","13":"shipping-taxable","14":"purchasable","15":"product-type-variable"},"aioseo_notices":[],"_links":{"self":[{"href":"https:\/\/unikatna-slovenija.si\/en\/wp-json\/wp\/v2\/product\/4465","targetHints":{"allow":["GET"]}}],"collection":[{"href":"https:\/\/unikatna-slovenija.si\/en\/wp-json\/wp\/v2\/product"}],"about":[{"href":"https:\/\/unikatna-slovenija.si\/en\/wp-json\/wp\/v2\/types\/product"}],"wp:featuredmedia":[{"embeddable":true,"href":"https:\/\/unikatna-slovenija.si\/en\/wp-json\/wp\/v2\/media\/10695"}],"wp:attachment":[{"href":"https:\/\/unikatna-slovenija.si\/en\/wp-json\/wp\/v2\/media?parent=4465"}],"wp:term":[{"taxonomy":"product_brand","embeddable":true,"href":"https:\/\/unikatna-slovenija.si\/en\/wp-json\/wp\/v2\/product_brand?post=4465"},{"taxonomy":"product_cat","embeddable":true,"href":"https:\/\/unikatna-slovenija.si\/en\/wp-json\/wp\/v2\/product_cat?post=4465"},{"taxonomy":"product_tag","embeddable":true,"href":"https:\/\/unikatna-slovenija.si\/en\/wp-json\/wp\/v2\/product_tag?post=4465"}],"curies":[{"name":"wp","href":"https:\/\/api.w.org\/{rel}","templated":true}]}}