{"id":4450,"date":"2016-06-13T01:00:00","date_gmt":"2016-06-13T00:00:00","guid":{"rendered":"http:\/\/http:\/\/unikatna-slovenija.si\/product\/olympea-paco-rabanne\/"},"modified":"2025-02-27T00:40:51","modified_gmt":"2025-02-26T23:40:51","slug":"olympea-paco-rabanne","status":"publish","type":"product","link":"https:\/\/unikatna-slovenija.si\/en\/trgovina\/olympea-paco-rabanne\/","title":{"rendered":"OLYMPEA &#8211; Paco Rabanne"},"content":{"rendered":"<p style=\"font-weight: 400;\"><b>Sestavine<\/b><\/p>\n<pre class=\"h5\">Zgornje note: ingver, mandarina, jasmin<\/pre>\n<pre class=\"h5\">Bazne note: vanilija, sol<\/pre>\n<pre class=\"h5\">Sr\u010dne note: sandalovina, ka\u0161mir les, ambra<\/pre>\n<p style=\"font-weight: 400;\"><b><strong>Sestava\u00a0INCI:\u00a0<\/strong><\/b>Alcohol Denat, Parfum, Hydroxyisohexyl 3-Cyclohexene Carboxaldehyde, Butylphenyl Methylpropional, Aqua, Triethyl Citrate,\u00a0\u00a0Citronellol, Geraniol, Hydroxy Citronelal,\u00a0D\u2013Limonene, Linalool, Alpha-Isomethyl Ionone<\/p>\n<p style=\"font-weight: 400;\"><b><strong>OPOZORILO:<\/strong><\/b>\u00a0Ni u\u017eitno, shranjujte stran od otrok<\/p>\n<p style=\"font-weight: 400;\"><b><strong>Datum uporabe:<\/strong><\/b>\u00a0natisnjen na deklaraciji parfuma<\/p>\n","protected":false},"excerpt":{"rendered":"<p>Olympea je sladka, strastna di\u0161ava, ki je ve\u010d kot odli\u010dna izbira za \u017eenske vseh strarostnih skupin. Koncept spominja na moderno gr\u0161ko boginjo. Di\u0161ava je \u010dista, dinami\u010dna in zapeljiva. Z di\u0161avo Olympea boste lepe in zapeljive, kot boginja. O\u010darajte svojo okolico s parfumom Olympea.<\/p>\n","protected":false},"featured_media":10683,"template":"","meta":[],"product_brand":[],"product_cat":[221,222],"product_tag":[356,359,237],"class_list":{"0":"post-4450","1":"product","2":"type-product","3":"status-publish","4":"has-post-thumbnail","6":"product_cat-parfumi","7":"product_cat-zenski-parfumi","8":"product_tag-cvetlicni","9":"product_tag-orientalski","10":"product_tag-paco-rabanne","12":"first","13":"instock","14":"shipping-taxable","15":"purchasable","16":"product-type-variable"},"aioseo_notices":[],"_links":{"self":[{"href":"https:\/\/unikatna-slovenija.si\/en\/wp-json\/wp\/v2\/product\/4450","targetHints":{"allow":["GET"]}}],"collection":[{"href":"https:\/\/unikatna-slovenija.si\/en\/wp-json\/wp\/v2\/product"}],"about":[{"href":"https:\/\/unikatna-slovenija.si\/en\/wp-json\/wp\/v2\/types\/product"}],"wp:featuredmedia":[{"embeddable":true,"href":"https:\/\/unikatna-slovenija.si\/en\/wp-json\/wp\/v2\/media\/10683"}],"wp:attachment":[{"href":"https:\/\/unikatna-slovenija.si\/en\/wp-json\/wp\/v2\/media?parent=4450"}],"wp:term":[{"taxonomy":"product_brand","embeddable":true,"href":"https:\/\/unikatna-slovenija.si\/en\/wp-json\/wp\/v2\/product_brand?post=4450"},{"taxonomy":"product_cat","embeddable":true,"href":"https:\/\/unikatna-slovenija.si\/en\/wp-json\/wp\/v2\/product_cat?post=4450"},{"taxonomy":"product_tag","embeddable":true,"href":"https:\/\/unikatna-slovenija.si\/en\/wp-json\/wp\/v2\/product_tag?post=4450"}],"curies":[{"name":"wp","href":"https:\/\/api.w.org\/{rel}","templated":true}]}}