{"id":4393,"date":"2016-06-13T01:00:00","date_gmt":"2016-06-13T00:00:00","guid":{"rendered":"http:\/\/http:\/\/unikatna-slovenija.si\/product\/la-petite-robe-noire-guerlain\/"},"modified":"2025-02-27T00:40:21","modified_gmt":"2025-02-26T23:40:21","slug":"la-petite-robe-noire-guerlain","status":"publish","type":"product","link":"https:\/\/unikatna-slovenija.si\/en\/trgovina\/la-petite-robe-noire-guerlain\/","title":{"rendered":"LA PETITE ROBE NOIRE &#8211; Guerlain"},"content":{"rendered":"<div class=\"col-r\">\n<h3 class=\"h4\">Sestavine<\/h3>\n<pre class=\"h5\">Zgornje note: \u010de\u0161nja, ribez, mandelj, bergamotka<\/pre>\n<pre class=\"h5\">Bazne note: \u010daj, vrtnica, sladki koren<\/pre>\n<pre class=\"h5\">Sr\u010dne note: jane\u017e, vanilija, fi\u017eol tonka, perunika, pa\u010duli<\/pre>\n<\/div>\n<p>&nbsp;<\/p>\n<p><strong>Sestava: INCI:<\/strong>\u00a0Alcohol Denat, Parfum, Aqua, Triethyl Citrate, Benzyl Salicylate, Benzyl Benzoate, Citral, Citronellol, Hydroxy Citronellal, D-Limonene, Linalool, Butylphenyl Methylpropional, Alpha-Isomethyl Ionone<\/p>\n<p><strong>OPOZORILO:<\/strong>\u00a0Ni u\u017eitno, shranjujte stran od otrok<\/p>\n<p><strong>Datum uporabe:<\/strong>\u00a0natisnjen na deklaraciji parfuma<\/p>\n","protected":false},"excerpt":{"rendered":"<p>La Petite Robe Noire &#8211; Guerlain je\u00a0<span lang=\"sl-SI\">luksuzna di\u0161ava za \u017eenske, ki ho\u010dejo narediti dober vtis na svojo okolico. Uvr\u0161\u010da se med\u00a0<\/span><span lang=\"sl-SI\">slaj\u0161e,<\/span><span lang=\"sl-SI\">prefinjene di<\/span><span lang=\"sl-SI\">\u0161<\/span><span lang=\"sl-SI\">ave, primerne\u00a0<\/span><span lang=\"sl-SI\">za hladnej\u0161e dni v let<\/span>u.\u00a0<span lang=\"sl-SI\">Parfum La\u00a0<\/span><span lang=\"sl-SI\">Petit<\/span>e\u00a0<span lang=\"sl-SI\">Rob<\/span>e\u00a0<span lang=\"sl-SI\">Noire\u00a0<\/span><span lang=\"sl-SI\">boste lahk<\/span>o\u00a0<span lang=\"sl-SI\">nosili\u00a0<\/span><span lang=\"sl-SI\">za vse nevsakdanje\u00a0<\/span><span lang=\"sl-SI\">prilo\u017enosti va\u0161eg<\/span>a\u00a0<span lang=\"sl-SI\">\u017eivljenja.\u00a0<\/span><span lang=\"sl-SI\">Kadar\u00a0<\/span><span lang=\"sl-SI\">koli\u00a0<\/span><span lang=\"sl-SI\">boste\u00a0<\/span><span lang=\"sl-SI\">hoteli\u00a0<\/span><span lang=\"sl-SI\">biti\u00a0<\/span><span lang=\"sl-SI\">lepa, \u010dutna in gre\u0161no zapeljiva \u017eenska, ne oklevajte in se odenite v to \u010darovnijo \u017eenskosti.<\/span><\/p>\n","protected":false},"featured_media":10683,"template":"","meta":[],"product_brand":[],"product_cat":[221,222],"product_tag":[225,359],"class_list":{"0":"post-4393","1":"product","2":"type-product","3":"status-publish","4":"has-post-thumbnail","6":"product_cat-parfumi","7":"product_cat-zenski-parfumi","8":"product_tag-guerlain","9":"product_tag-orientalski","11":"first","12":"outofstock","13":"shipping-taxable","14":"purchasable","15":"product-type-variable"},"aioseo_notices":[],"_links":{"self":[{"href":"https:\/\/unikatna-slovenija.si\/en\/wp-json\/wp\/v2\/product\/4393","targetHints":{"allow":["GET"]}}],"collection":[{"href":"https:\/\/unikatna-slovenija.si\/en\/wp-json\/wp\/v2\/product"}],"about":[{"href":"https:\/\/unikatna-slovenija.si\/en\/wp-json\/wp\/v2\/types\/product"}],"wp:featuredmedia":[{"embeddable":true,"href":"https:\/\/unikatna-slovenija.si\/en\/wp-json\/wp\/v2\/media\/10683"}],"wp:attachment":[{"href":"https:\/\/unikatna-slovenija.si\/en\/wp-json\/wp\/v2\/media?parent=4393"}],"wp:term":[{"taxonomy":"product_brand","embeddable":true,"href":"https:\/\/unikatna-slovenija.si\/en\/wp-json\/wp\/v2\/product_brand?post=4393"},{"taxonomy":"product_cat","embeddable":true,"href":"https:\/\/unikatna-slovenija.si\/en\/wp-json\/wp\/v2\/product_cat?post=4393"},{"taxonomy":"product_tag","embeddable":true,"href":"https:\/\/unikatna-slovenija.si\/en\/wp-json\/wp\/v2\/product_tag?post=4393"}],"curies":[{"name":"wp","href":"https:\/\/api.w.org\/{rel}","templated":true}]}}