{"id":4382,"date":"2016-06-13T01:00:00","date_gmt":"2016-06-13T00:00:00","guid":{"rendered":"http:\/\/http:\/\/unikatna-slovenija.si\/product\/touch-of-pink-lacoste\/"},"modified":"2025-02-27T00:40:21","modified_gmt":"2025-02-26T23:40:21","slug":"touch-of-pink-lacoste","status":"publish","type":"product","link":"https:\/\/unikatna-slovenija.si\/en\/trgovina\/touch-of-pink-lacoste\/","title":{"rendered":"TOUCH OF PINK &#8211; Lacoste"},"content":{"rendered":"<div class=\"col-r\">\n<h3 class=\"h4\">Sestavine<\/h3>\n<pre class=\"h5\">Zgornje note: pomaran\u010da, rde\u010da pomaran\u010da, breskev, koriander, kardamom<\/pre>\n<pre class=\"h5\">Bazne note: kardamom, listi vijolice, koriander, jasmin, korenje<\/pre>\n<pre class=\"h5\">Sr\u010dne note: mo\u0161us, sandalovina, vanilija<\/pre>\n<\/div>\n<p>&nbsp;<\/p>\n<p><strong>Sestava: INCI:<\/strong>\u00a0Alcohol Denat, Parfum, D-Limonene, Aqua, Triethyl Citrate, Benzyl Salicylate, Citral, Alergeny Citronellol, Geraniol, Hydroxy Citronellal, Hydroxyisohexyl 3-Cyclohexene Carboxaldehyde, Isoeugenol, Linalool, Butylphenyl Methylpropional, Alpha-Isomethyl Ionone<\/p>\n<p><strong>OPOZORILO:<\/strong>\u00a0Ni u\u017eitno, shranjujte stran od otrok<\/p>\n<p><strong>Datum uporabe:<\/strong>\u00a0natisnjen na deklaraciji parfuma<\/p>\n","protected":false},"excerpt":{"rendered":"<p><span lang=\"sl-SI\">Sve\u017ea, igriva in vitalna, taka je \u017eenska di\u0161ava<\/span>\u00a0Touch of Pink &#8211; Lacoste.\u00a0<span lang=\"sl-SI\">Di\u0161ava je namenjena bolj za mlada dekleta in \u017eenske, ki iz\u017earevajo energijo, igrivost in veselje do \u017eivljenja. Di\u0161ava je kot \u010dista du\u0161a nedol\u017ene \u017eenske, ki jo bo nosila. Di\u0161ava ni<\/span><span lang=\"cs-CZ\">provokativna in\u00a0<\/span><span lang=\"sl-SI\">ni\u00a0<\/span><span lang=\"cs-CZ\">v prvem planu,\u00a0<\/span><span lang=\"sl-SI\">vsak<\/span><span lang=\"cs-CZ\">\u00a0bo v njej\u00a0<\/span><span lang=\"sl-SI\">na\u0161el<\/span><span lang=\"cs-CZ\">\u00a0to, kar mu je\u00a0<\/span><span lang=\"sl-SI\">pri<\/span><span lang=\"cs-CZ\">\u00a0srcu.\u00a0<\/span>Touch of pink je zaradi svojega vonja bolj primerna za<span lang=\"sl-SI\">toplej\u0161e<\/span>\u00a0poletne dni.<\/p>\n","protected":false},"featured_media":10683,"template":"","meta":[],"product_brand":[],"product_cat":[221,222],"product_tag":[356,223],"class_list":{"0":"post-4382","1":"product","2":"type-product","3":"status-publish","4":"has-post-thumbnail","6":"product_cat-parfumi","7":"product_cat-zenski-parfumi","8":"product_tag-cvetlicni","9":"product_tag-lacoste","11":"first","12":"instock","13":"shipping-taxable","14":"purchasable","15":"product-type-variable"},"aioseo_notices":[],"_links":{"self":[{"href":"https:\/\/unikatna-slovenija.si\/en\/wp-json\/wp\/v2\/product\/4382","targetHints":{"allow":["GET"]}}],"collection":[{"href":"https:\/\/unikatna-slovenija.si\/en\/wp-json\/wp\/v2\/product"}],"about":[{"href":"https:\/\/unikatna-slovenija.si\/en\/wp-json\/wp\/v2\/types\/product"}],"wp:featuredmedia":[{"embeddable":true,"href":"https:\/\/unikatna-slovenija.si\/en\/wp-json\/wp\/v2\/media\/10683"}],"wp:attachment":[{"href":"https:\/\/unikatna-slovenija.si\/en\/wp-json\/wp\/v2\/media?parent=4382"}],"wp:term":[{"taxonomy":"product_brand","embeddable":true,"href":"https:\/\/unikatna-slovenija.si\/en\/wp-json\/wp\/v2\/product_brand?post=4382"},{"taxonomy":"product_cat","embeddable":true,"href":"https:\/\/unikatna-slovenija.si\/en\/wp-json\/wp\/v2\/product_cat?post=4382"},{"taxonomy":"product_tag","embeddable":true,"href":"https:\/\/unikatna-slovenija.si\/en\/wp-json\/wp\/v2\/product_tag?post=4382"}],"curies":[{"name":"wp","href":"https:\/\/api.w.org\/{rel}","templated":true}]}}