{"id":36655,"date":"2023-10-30T09:10:17","date_gmt":"2023-10-30T07:10:17","guid":{"rendered":"https:\/\/unikatna-slovenija.si\/trgovina\/hugo-xy-hugo-boss\/"},"modified":"2025-02-27T01:01:56","modified_gmt":"2025-02-27T00:01:56","slug":"hugo-xy-hugo-boss","status":"publish","type":"product","link":"https:\/\/unikatna-slovenija.si\/en\/trgovina\/hugo-xy-hugo-boss\/","title":{"rendered":"HUGO XY &#8211; Hugo Boss"},"content":{"rendered":"<p>Zgornje note: bergamotka, cedra, list hru\u0161ke<br \/>\nBazne note: pi\u017eem, pa\u010duli, cedra<br \/>\nSr\u010dne note: meta, bazilika<\/p>\n<p>Sestava: INCI: Alcohol, Parfum, Aqua, Triethyl Citrate, Isopropanol, Butanone, Linalol, Limonene, Alpha Methyl Ionone, Eugenol, Citronellol, Citral<\/p>\n<p>OPOZORILO: Ni u\u017eitno, shranjujte stran od otrok<\/p>\n","protected":false},"excerpt":{"rendered":"<p>Zgornje note: bergamotka, cedra, list hru\u0161ke Bazne note: pi\u017eem, pa\u010duli, cedra Sr\u010dne note: meta, bazilika Sestava: INCI: Alcohol, Parfum, Aqua, Triethyl Citrate, Isopropanol, Butanone, Linalol, Limonene, Alpha Methyl Ionone, Eugenol, Citronellol, Citral OPOZORILO: Ni u\u017eitno, shranjujte stran od otrok<\/p>\n","protected":false},"featured_media":36635,"template":"","meta":[],"product_brand":[],"product_cat":[231,221],"product_tag":[242],"class_list":{"0":"post-36655","1":"product","2":"type-product","3":"status-publish","4":"has-post-thumbnail","6":"product_cat-moski-parfumi","7":"product_cat-parfumi","8":"product_tag-hugo-boss","9":"pa_kolicina-15ml","10":"pa_kolicina-30ml","11":"pa_kolicina-50ml","12":"pa_kolicina-100ml","13":"pa_vrsta-disave-cipresna","15":"first","16":"instock","17":"shipping-taxable","18":"purchasable","19":"product-type-variable"},"aioseo_notices":[],"_links":{"self":[{"href":"https:\/\/unikatna-slovenija.si\/en\/wp-json\/wp\/v2\/product\/36655","targetHints":{"allow":["GET"]}}],"collection":[{"href":"https:\/\/unikatna-slovenija.si\/en\/wp-json\/wp\/v2\/product"}],"about":[{"href":"https:\/\/unikatna-slovenija.si\/en\/wp-json\/wp\/v2\/types\/product"}],"wp:featuredmedia":[{"embeddable":true,"href":"https:\/\/unikatna-slovenija.si\/en\/wp-json\/wp\/v2\/media\/36635"}],"wp:attachment":[{"href":"https:\/\/unikatna-slovenija.si\/en\/wp-json\/wp\/v2\/media?parent=36655"}],"wp:term":[{"taxonomy":"product_brand","embeddable":true,"href":"https:\/\/unikatna-slovenija.si\/en\/wp-json\/wp\/v2\/product_brand?post=36655"},{"taxonomy":"product_cat","embeddable":true,"href":"https:\/\/unikatna-slovenija.si\/en\/wp-json\/wp\/v2\/product_cat?post=36655"},{"taxonomy":"product_tag","embeddable":true,"href":"https:\/\/unikatna-slovenija.si\/en\/wp-json\/wp\/v2\/product_tag?post=36655"}],"curies":[{"name":"wp","href":"https:\/\/api.w.org\/{rel}","templated":true}]}}