{"id":36645,"date":"2023-10-30T09:10:17","date_gmt":"2023-10-30T07:10:17","guid":{"rendered":"https:\/\/unikatna-slovenija.si\/trgovina\/eternity-for-men-calvin-klein\/"},"modified":"2025-02-27T01:01:44","modified_gmt":"2025-02-27T00:01:44","slug":"eternity-for-men-calvin-klein","status":"publish","type":"product","link":"https:\/\/unikatna-slovenija.si\/en\/trgovina\/eternity-for-men-calvin-klein\/","title":{"rendered":"ETERNITY &#8211; Calvin Klein"},"content":{"rendered":"<p>Zgornje note: sivka, mandarina, zelene note, limona, bergamotka<br \/>\nBazne note: sandalovina, vetiver, jantar, brazilski ro\u017eni les, mo\u0161us<br \/>\nSr\u010dne note: bazilika, jasmin, \u017eajbelj, krvomo\u010dnica, lilija, \u0161marnica, brinove jagode, pomaran\u010dni cvet, koriander<\/p>\n<p>Sestava: INCI: Alcohol, Parfum, Aqua, Triethyl Citrate, Isopropanol, Butanone, Linalol, Limonene, Citronellol, Coumarin, Geraniol, Citral<\/p>\n<p>OPOZORILO: Ni u\u017eitno, shranjujte stran od otrok<\/p>\n","protected":false},"excerpt":{"rendered":"<p>Zgornje note: sivka, mandarina, zelene note, limona, bergamotka Bazne note: sandalovina, vetiver, jantar, brazilski ro\u017eni les, mo\u0161us Sr\u010dne note: bazilika, jasmin, \u017eajbelj, krvomo\u010dnica, lilija, \u0161marnica, brinove jagode, pomaran\u010dni cvet, koriander Sestava: INCI: Alcohol, Parfum, Aqua, Triethyl Citrate, Isopropanol, Butanone, Linalol, Limonene, Citronellol, Coumarin, Geraniol, Citral OPOZORILO: Ni u\u017eitno, shranjujte stran od otrok<\/p>\n","protected":false},"featured_media":36635,"template":"","meta":[],"product_brand":[],"product_cat":[231,221],"product_tag":[238],"class_list":{"0":"post-36645","1":"product","2":"type-product","3":"status-publish","4":"has-post-thumbnail","6":"product_cat-moski-parfumi","7":"product_cat-parfumi","8":"product_tag-calvin-klein","9":"pa_kolicina-15ml","10":"pa_kolicina-30ml","11":"pa_kolicina-50ml","12":"pa_kolicina-100ml","13":"pa_vrsta-disave-cipresna","15":"first","16":"instock","17":"shipping-taxable","18":"purchasable","19":"product-type-variable"},"aioseo_notices":[],"_links":{"self":[{"href":"https:\/\/unikatna-slovenija.si\/en\/wp-json\/wp\/v2\/product\/36645","targetHints":{"allow":["GET"]}}],"collection":[{"href":"https:\/\/unikatna-slovenija.si\/en\/wp-json\/wp\/v2\/product"}],"about":[{"href":"https:\/\/unikatna-slovenija.si\/en\/wp-json\/wp\/v2\/types\/product"}],"wp:featuredmedia":[{"embeddable":true,"href":"https:\/\/unikatna-slovenija.si\/en\/wp-json\/wp\/v2\/media\/36635"}],"wp:attachment":[{"href":"https:\/\/unikatna-slovenija.si\/en\/wp-json\/wp\/v2\/media?parent=36645"}],"wp:term":[{"taxonomy":"product_brand","embeddable":true,"href":"https:\/\/unikatna-slovenija.si\/en\/wp-json\/wp\/v2\/product_brand?post=36645"},{"taxonomy":"product_cat","embeddable":true,"href":"https:\/\/unikatna-slovenija.si\/en\/wp-json\/wp\/v2\/product_cat?post=36645"},{"taxonomy":"product_tag","embeddable":true,"href":"https:\/\/unikatna-slovenija.si\/en\/wp-json\/wp\/v2\/product_tag?post=36645"}],"curies":[{"name":"wp","href":"https:\/\/api.w.org\/{rel}","templated":true}]}}