{"id":36634,"date":"2023-10-30T09:09:35","date_gmt":"2023-10-30T07:09:35","guid":{"rendered":"https:\/\/unikatna-slovenija.si\/trgovina\/noir-extreme-tom-ford\/"},"modified":"2025-02-27T01:01:44","modified_gmt":"2025-02-27T00:01:44","slug":"noir-extreme-tom-ford","status":"publish","type":"product","link":"https:\/\/unikatna-slovenija.si\/en\/trgovina\/noir-extreme-tom-ford\/","title":{"rendered":"NOIR EXTREME &#8211; Tom Ford"},"content":{"rendered":"<p>Zgornje note: kardamom, mu\u0161katni ore\u0161\u010dek, \u017eafran, mandarina, neroli<br \/>\nBazne note: vanilija, jantar, lesne note, sandalovina<br \/>\nSr\u010dne note: indijski sladoled kulfi, vrtnica, balzam, cvet pomaran\u010de, jasmin<\/p>\n<p>Sestava: INCI: Alcohol Denat, Parfum, Aqua, Linalol, Coumarin, Eugenol, Geraniol, Cinnamal, Benzyl Alcohol, Benzyl Benzoate, Farnesol<\/p>\n<p>OPOZORILO: Ni u\u017eitno, shranjujte stran od otrok<\/p>\n<p>Datum uporabe: natisnjen na deklaraciji parfuma<\/p>\n","protected":false},"excerpt":{"rendered":"<p>Zgornje note: kardamom, mu\u0161katni ore\u0161\u010dek, \u017eafran, mandarina, neroli Bazne note: vanilija, jantar, lesne note, sandalovina Sr\u010dne note: indijski sladoled kulfi, vrtnica, balzam, cvet pomaran\u010de, jasmin Sestava: INCI: Alcohol Denat, Parfum, Aqua, Linalol, Coumarin, Eugenol, Geraniol, Cinnamal, Benzyl Alcohol, Benzyl Benzoate, Farnesol OPOZORILO: Ni u\u017eitno, shranjujte stran od otrok Datum uporabe: natisnjen na deklaraciji parfuma<\/p>\n","protected":false},"featured_media":36635,"template":"","meta":[],"product_brand":[],"product_cat":[231,221],"product_tag":[269],"class_list":{"0":"post-36634","1":"product","2":"type-product","3":"status-publish","4":"has-post-thumbnail","6":"product_cat-moski-parfumi","7":"product_cat-parfumi","8":"product_tag-tom-ford","9":"pa_kolicina-15ml","10":"pa_kolicina-30ml","11":"pa_kolicina-50ml","12":"pa_kolicina-100ml","13":"pa_vrsta-disave-cipresna","15":"first","16":"outofstock","17":"shipping-taxable","18":"purchasable","19":"product-type-variable"},"aioseo_notices":[],"_links":{"self":[{"href":"https:\/\/unikatna-slovenija.si\/en\/wp-json\/wp\/v2\/product\/36634","targetHints":{"allow":["GET"]}}],"collection":[{"href":"https:\/\/unikatna-slovenija.si\/en\/wp-json\/wp\/v2\/product"}],"about":[{"href":"https:\/\/unikatna-slovenija.si\/en\/wp-json\/wp\/v2\/types\/product"}],"wp:featuredmedia":[{"embeddable":true,"href":"https:\/\/unikatna-slovenija.si\/en\/wp-json\/wp\/v2\/media\/36635"}],"wp:attachment":[{"href":"https:\/\/unikatna-slovenija.si\/en\/wp-json\/wp\/v2\/media?parent=36634"}],"wp:term":[{"taxonomy":"product_brand","embeddable":true,"href":"https:\/\/unikatna-slovenija.si\/en\/wp-json\/wp\/v2\/product_brand?post=36634"},{"taxonomy":"product_cat","embeddable":true,"href":"https:\/\/unikatna-slovenija.si\/en\/wp-json\/wp\/v2\/product_cat?post=36634"},{"taxonomy":"product_tag","embeddable":true,"href":"https:\/\/unikatna-slovenija.si\/en\/wp-json\/wp\/v2\/product_tag?post=36634"}],"curies":[{"name":"wp","href":"https:\/\/api.w.org\/{rel}","templated":true}]}}