{"id":36629,"date":"2023-10-30T09:09:35","date_gmt":"2023-10-30T07:09:35","guid":{"rendered":"https:\/\/unikatna-slovenija.si\/trgovina\/velvet-black-patchouli-dg\/"},"modified":"2025-02-27T01:01:44","modified_gmt":"2025-02-27T00:01:44","slug":"velvet-black-patchouli-dg","status":"publish","type":"product","link":"https:\/\/unikatna-slovenija.si\/en\/trgovina\/velvet-black-patchouli-dg\/","title":{"rendered":"VELVET BLACK PATCHOULI &#8211; D&#038;G"},"content":{"rendered":"<p>Zgornje note: papirus, rde\u010da pomaran\u010da, davana<br \/>\nBazne note: vanilija, karamela, fi\u017eol tonka<br \/>\nSr\u010dne note: pa\u010duli, mu\u0161katna kadulja, koriander<\/p>\n<p>Sestava: INCI: Alcohol, Parfum, Aqua, Triethyl Citrate, Isopropanol, Benzyl Benzoate, Limonene, Linalol, Benzyl Cinnamate, Cinnamyl Alcohol, Coumarin, Citral, Eugenol, Geraniol, Cinnamal, Benzyl Alcohol, Farnesol<\/p>\n<p>OPOZORILO: Ni u\u017eitno, shranjujte stran od otrok<\/p>\n","protected":false},"excerpt":{"rendered":"<p>Zgornje note: papirus, rde\u010da pomaran\u010da, davana Bazne note: vanilija, karamela, fi\u017eol tonka Sr\u010dne note: pa\u010duli, mu\u0161katna kadulja, koriander Sestava: INCI: Alcohol, Parfum, Aqua, Triethyl Citrate, Isopropanol, Benzyl Benzoate, Limonene, Linalol, Benzyl Cinnamate, Cinnamyl Alcohol, Coumarin, Citral, Eugenol, Geraniol, Cinnamal, Benzyl Alcohol, Farnesol OPOZORILO: Ni u\u017eitno, shranjujte stran od otrok<\/p>\n","protected":false},"featured_media":36067,"template":"","meta":[],"product_brand":[],"product_cat":[221,731],"product_tag":[234],"class_list":{"0":"post-36629","1":"product","2":"type-product","3":"status-publish","4":"has-post-thumbnail","6":"product_cat-parfumi","7":"product_cat-unisex-parfumi","8":"product_tag-dg","9":"pa_kolicina-15ml","10":"pa_kolicina-30ml","11":"pa_kolicina-50ml","12":"pa_kolicina-100ml","13":"pa_vrsta-disave-cipresna","15":"first","16":"instock","17":"shipping-taxable","18":"purchasable","19":"product-type-variable"},"aioseo_notices":[],"_links":{"self":[{"href":"https:\/\/unikatna-slovenija.si\/en\/wp-json\/wp\/v2\/product\/36629","targetHints":{"allow":["GET"]}}],"collection":[{"href":"https:\/\/unikatna-slovenija.si\/en\/wp-json\/wp\/v2\/product"}],"about":[{"href":"https:\/\/unikatna-slovenija.si\/en\/wp-json\/wp\/v2\/types\/product"}],"wp:featuredmedia":[{"embeddable":true,"href":"https:\/\/unikatna-slovenija.si\/en\/wp-json\/wp\/v2\/media\/36067"}],"wp:attachment":[{"href":"https:\/\/unikatna-slovenija.si\/en\/wp-json\/wp\/v2\/media?parent=36629"}],"wp:term":[{"taxonomy":"product_brand","embeddable":true,"href":"https:\/\/unikatna-slovenija.si\/en\/wp-json\/wp\/v2\/product_brand?post=36629"},{"taxonomy":"product_cat","embeddable":true,"href":"https:\/\/unikatna-slovenija.si\/en\/wp-json\/wp\/v2\/product_cat?post=36629"},{"taxonomy":"product_tag","embeddable":true,"href":"https:\/\/unikatna-slovenija.si\/en\/wp-json\/wp\/v2\/product_tag?post=36629"}],"curies":[{"name":"wp","href":"https:\/\/api.w.org\/{rel}","templated":true}]}}