{"id":36623,"date":"2023-10-30T09:09:35","date_gmt":"2023-10-30T07:09:35","guid":{"rendered":"https:\/\/unikatna-slovenija.si\/trgovina\/myrrh-tonka-jo-malone-2\/"},"modified":"2025-02-27T01:01:30","modified_gmt":"2025-02-27T00:01:30","slug":"myrrh-tonka-jo-malone-2","status":"publish","type":"product","link":"https:\/\/unikatna-slovenija.si\/en\/trgovina\/myrrh-tonka-jo-malone-2\/","title":{"rendered":"MYRRH &#038; TONKA &#8211; Jo Malone"},"content":{"rendered":"<p>Zgornje note: sivka<br \/>\nBazne note: vanilija, tonka fi\u017eol, mandelj<br \/>\nSr\u010dne note: mira<\/p>\n<p>Di\u0161ava vsebuje sestavino, ki je spremenljive barve, zato se lahko njena vsebina razlikuje od odtenka na sliki.<\/p>\n<p>Sestava: INCI: Alcohol, Parfum, Aqua, Triethyl Citrate, Isopropanol, Butanone, Linalol, Alpha Isomethyl Ionone, Coumarin, Limonene, Hydroxycitronellal, Citronelol<\/p>\n<p>OPOZORILO: Ni u\u017eitno, shranjujte stran od otrok<\/p>\n","protected":false},"excerpt":{"rendered":"<p>Zgornje note: sivka Bazne note: vanilija, tonka fi\u017eol, mandelj Sr\u010dne note: mira Di\u0161ava vsebuje sestavino, ki je spremenljive barve, zato se lahko njena vsebina razlikuje od odtenka na sliki. Sestava: INCI: Alcohol, Parfum, Aqua, Triethyl Citrate, Isopropanol, Butanone, Linalol, Alpha Isomethyl Ionone, Coumarin, Limonene, Hydroxycitronellal, Citronelol OPOZORILO: Ni u\u017eitno, shranjujte stran od otrok<\/p>\n","protected":false},"featured_media":36067,"template":"","meta":[],"product_brand":[],"product_cat":[221,731],"product_tag":[775],"class_list":{"0":"post-36623","1":"product","2":"type-product","3":"status-publish","4":"has-post-thumbnail","6":"product_cat-parfumi","7":"product_cat-unisex-parfumi","8":"product_tag-jo-malone","9":"pa_kolicina-15ml","10":"pa_kolicina-30ml","11":"pa_kolicina-50ml","12":"pa_kolicina-100ml","13":"pa_vrsta-disave-cipresna","15":"first","16":"instock","17":"shipping-taxable","18":"purchasable","19":"product-type-variable"},"aioseo_notices":[],"_links":{"self":[{"href":"https:\/\/unikatna-slovenija.si\/en\/wp-json\/wp\/v2\/product\/36623","targetHints":{"allow":["GET"]}}],"collection":[{"href":"https:\/\/unikatna-slovenija.si\/en\/wp-json\/wp\/v2\/product"}],"about":[{"href":"https:\/\/unikatna-slovenija.si\/en\/wp-json\/wp\/v2\/types\/product"}],"wp:featuredmedia":[{"embeddable":true,"href":"https:\/\/unikatna-slovenija.si\/en\/wp-json\/wp\/v2\/media\/36067"}],"wp:attachment":[{"href":"https:\/\/unikatna-slovenija.si\/en\/wp-json\/wp\/v2\/media?parent=36623"}],"wp:term":[{"taxonomy":"product_brand","embeddable":true,"href":"https:\/\/unikatna-slovenija.si\/en\/wp-json\/wp\/v2\/product_brand?post=36623"},{"taxonomy":"product_cat","embeddable":true,"href":"https:\/\/unikatna-slovenija.si\/en\/wp-json\/wp\/v2\/product_cat?post=36623"},{"taxonomy":"product_tag","embeddable":true,"href":"https:\/\/unikatna-slovenija.si\/en\/wp-json\/wp\/v2\/product_tag?post=36623"}],"curies":[{"name":"wp","href":"https:\/\/api.w.org\/{rel}","templated":true}]}}