{"id":36608,"date":"2023-10-30T09:08:56","date_gmt":"2023-10-30T07:08:56","guid":{"rendered":"https:\/\/unikatna-slovenija.si\/trgovina\/tuscan-leather-tom-ford\/"},"modified":"2025-02-27T01:01:30","modified_gmt":"2025-02-27T00:01:30","slug":"tuscan-leather-tom-ford","status":"publish","type":"product","link":"https:\/\/unikatna-slovenija.si\/en\/trgovina\/tuscan-leather-tom-ford\/","title":{"rendered":"TUSCAN LEATHER &#8211; Tom Ford"},"content":{"rendered":"<p>Zgornje note: \u017eafran, timijan, malina<br \/>\nBazne note: usnje, jantar, semi\u0161, lesni toni<br \/>\nSr\u010dne note: jasmin, olibanum<\/p>\n<p>Sestava: INCI: Alcohol Denat, Parfum, Aqua, Hydroxycitronellal, Linalol<\/p>\n<p>OPOZORILO: Ni u\u017eitno, shranjujte stran od otrok<\/p>\n","protected":false},"excerpt":{"rendered":"<p>Zgornje note: \u017eafran, timijan, malina Bazne note: usnje, jantar, semi\u0161, lesni toni Sr\u010dne note: jasmin, olibanum Sestava: INCI: Alcohol Denat, Parfum, Aqua, Hydroxycitronellal, Linalol OPOZORILO: Ni u\u017eitno, shranjujte stran od otrok<\/p>\n","protected":false},"featured_media":36067,"template":"","meta":[],"product_brand":[],"product_cat":[221,731],"product_tag":[269],"class_list":{"0":"post-36608","1":"product","2":"type-product","3":"status-publish","4":"has-post-thumbnail","6":"product_cat-parfumi","7":"product_cat-unisex-parfumi","8":"product_tag-tom-ford","9":"pa_kolicina-15ml","10":"pa_kolicina-30ml","11":"pa_kolicina-50ml","12":"pa_kolicina-100ml","13":"pa_vrsta-disave-cipresna","15":"first","16":"outofstock","17":"shipping-taxable","18":"purchasable","19":"product-type-variable"},"aioseo_notices":[],"_links":{"self":[{"href":"https:\/\/unikatna-slovenija.si\/en\/wp-json\/wp\/v2\/product\/36608","targetHints":{"allow":["GET"]}}],"collection":[{"href":"https:\/\/unikatna-slovenija.si\/en\/wp-json\/wp\/v2\/product"}],"about":[{"href":"https:\/\/unikatna-slovenija.si\/en\/wp-json\/wp\/v2\/types\/product"}],"wp:featuredmedia":[{"embeddable":true,"href":"https:\/\/unikatna-slovenija.si\/en\/wp-json\/wp\/v2\/media\/36067"}],"wp:attachment":[{"href":"https:\/\/unikatna-slovenija.si\/en\/wp-json\/wp\/v2\/media?parent=36608"}],"wp:term":[{"taxonomy":"product_brand","embeddable":true,"href":"https:\/\/unikatna-slovenija.si\/en\/wp-json\/wp\/v2\/product_brand?post=36608"},{"taxonomy":"product_cat","embeddable":true,"href":"https:\/\/unikatna-slovenija.si\/en\/wp-json\/wp\/v2\/product_cat?post=36608"},{"taxonomy":"product_tag","embeddable":true,"href":"https:\/\/unikatna-slovenija.si\/en\/wp-json\/wp\/v2\/product_tag?post=36608"}],"curies":[{"name":"wp","href":"https:\/\/api.w.org\/{rel}","templated":true}]}}