{"id":36603,"date":"2023-10-30T09:08:56","date_gmt":"2023-10-30T07:08:56","guid":{"rendered":"https:\/\/unikatna-slovenija.si\/trgovina\/lost-cherry-tom-ford\/"},"modified":"2025-02-27T01:01:17","modified_gmt":"2025-02-27T00:01:17","slug":"lost-cherry-tom-ford","status":"publish","type":"product","link":"https:\/\/unikatna-slovenija.si\/en\/trgovina\/lost-cherry-tom-ford\/","title":{"rendered":"LOST CHERRY &#8211; Tom Ford"},"content":{"rendered":"<p>Zgornje note: grenek mandelj, liker, \u010drna \u010de\u0161nja<br \/>\nBazne note: fi\u017eol tonka, vanilija, cimet, balzam, sandalovina, cedra, pa\u010duli, vetiver<br \/>\nSr\u010dne note: kisla vi\u0161nja, sliva, vrtnica, jasmin<\/p>\n<p>Sestava: INCI: Alcohol Denat, Parfum, Aqua, Coumarin, Benzyl Benzoate, Benzyl Cinnamate, Anise Alcohol, Isoeugenol, Citral, Benzyl Alcohol, Linalol, Eugenol, Farnesol, Benzyl Salicylate, Cinnamyl Alcohol, Limonene, Geraniol, Citronellol<\/p>\n<p>OPOZORILO: Ni u\u017eitno, shranjujte stran od otrok<\/p>\n","protected":false},"excerpt":{"rendered":"<p>Zgornje note: grenek mandelj, liker, \u010drna \u010de\u0161nja Bazne note: fi\u017eol tonka, vanilija, cimet, balzam, sandalovina, cedra, pa\u010duli, vetiver Sr\u010dne note: kisla vi\u0161nja, sliva, vrtnica, jasmin Sestava: INCI: Alcohol Denat, Parfum, Aqua, Coumarin, Benzyl Benzoate, Benzyl Cinnamate, Anise Alcohol, Isoeugenol, Citral, Benzyl Alcohol, Linalol, Eugenol, Farnesol, Benzyl Salicylate, Cinnamyl Alcohol, Limonene, Geraniol, Citronellol OPOZORILO: Ni u\u017eitno, [&hellip;]<\/p>\n","protected":false},"featured_media":36067,"template":"","meta":[],"product_brand":[],"product_cat":[221,731],"product_tag":[269],"class_list":{"0":"post-36603","1":"product","2":"type-product","3":"status-publish","4":"has-post-thumbnail","6":"product_cat-parfumi","7":"product_cat-unisex-parfumi","8":"product_tag-tom-ford","9":"pa_kolicina-15ml","10":"pa_kolicina-30ml","11":"pa_kolicina-50ml","12":"pa_kolicina-100ml","13":"pa_vrsta-disave-cipresna","15":"first","16":"instock","17":"shipping-taxable","18":"purchasable","19":"product-type-variable"},"aioseo_notices":[],"_links":{"self":[{"href":"https:\/\/unikatna-slovenija.si\/en\/wp-json\/wp\/v2\/product\/36603","targetHints":{"allow":["GET"]}}],"collection":[{"href":"https:\/\/unikatna-slovenija.si\/en\/wp-json\/wp\/v2\/product"}],"about":[{"href":"https:\/\/unikatna-slovenija.si\/en\/wp-json\/wp\/v2\/types\/product"}],"wp:featuredmedia":[{"embeddable":true,"href":"https:\/\/unikatna-slovenija.si\/en\/wp-json\/wp\/v2\/media\/36067"}],"wp:attachment":[{"href":"https:\/\/unikatna-slovenija.si\/en\/wp-json\/wp\/v2\/media?parent=36603"}],"wp:term":[{"taxonomy":"product_brand","embeddable":true,"href":"https:\/\/unikatna-slovenija.si\/en\/wp-json\/wp\/v2\/product_brand?post=36603"},{"taxonomy":"product_cat","embeddable":true,"href":"https:\/\/unikatna-slovenija.si\/en\/wp-json\/wp\/v2\/product_cat?post=36603"},{"taxonomy":"product_tag","embeddable":true,"href":"https:\/\/unikatna-slovenija.si\/en\/wp-json\/wp\/v2\/product_tag?post=36603"}],"curies":[{"name":"wp","href":"https:\/\/api.w.org\/{rel}","templated":true}]}}