{"id":36588,"date":"2023-10-30T09:08:26","date_gmt":"2023-10-30T07:08:26","guid":{"rendered":"https:\/\/unikatna-slovenija.si\/trgovina\/masumi-coty\/"},"modified":"2025-02-27T01:01:16","modified_gmt":"2025-02-27T00:01:16","slug":"masumi-coty","status":"publish","type":"product","link":"https:\/\/unikatna-slovenija.si\/en\/trgovina\/masumi-coty\/","title":{"rendered":"MASUMI &#8211; Coty"},"content":{"rendered":"<p>Zgornje note: palisander, bergamotka, ananas, melona<br \/>\nBazne note: hrastov mah, cedra, mo\u0161us, sandalovina, amber, vanilija<br \/>\nSr\u010dne note: kardamom, vrtnica, vijolica<\/p>\n<p>Di\u0161ava vsebuje sestavino, ki je spremenljive barve, zato se lahko njena vsebina razlikuje od odtenka na sliki.<\/p>\n<p>Sestava: INCI: Alcohol, Parfum, Aqua, Triethyl Citrate, Isopropanol, Butanone, Hydroxycitronellal, Citronellol, Linalol, Hexyl Cinnamal, Geraniol, Alpha Methyl Ionone, Limonene, Benzyl Salicylate, Benzyl Cinnamate, Coumarin, Citral<\/p>\n<p>OPOZORILO: Ni u\u017eitno, shranjujte stran od otrok<\/p>\n","protected":false},"excerpt":{"rendered":"<p>Zgornje note: palisander, bergamotka, ananas, melona Bazne note: hrastov mah, cedra, mo\u0161us, sandalovina, amber, vanilija Sr\u010dne note: kardamom, vrtnica, vijolica Di\u0161ava vsebuje sestavino, ki je spremenljive barve, zato se lahko njena vsebina razlikuje od odtenka na sliki. Sestava: INCI: Alcohol, Parfum, Aqua, Triethyl Citrate, Isopropanol, Butanone, Hydroxycitronellal, Citronellol, Linalol, Hexyl Cinnamal, Geraniol, Alpha Methyl Ionone, [&hellip;]<\/p>\n","protected":false},"featured_media":36056,"template":"","meta":[],"product_brand":[],"product_cat":[221,222],"product_tag":[350],"class_list":{"0":"post-36588","1":"product","2":"type-product","3":"status-publish","4":"has-post-thumbnail","6":"product_cat-parfumi","7":"product_cat-zenski-parfumi","8":"product_tag-coty","9":"pa_kolicina-15ml","10":"pa_kolicina-30ml","11":"pa_kolicina-50ml","12":"pa_kolicina-100ml","13":"pa_vrsta-disave-orientalska","14":"pa_vrsta-disave-sladka","16":"first","17":"outofstock","18":"shipping-taxable","19":"purchasable","20":"product-type-variable"},"aioseo_notices":[],"_links":{"self":[{"href":"https:\/\/unikatna-slovenija.si\/en\/wp-json\/wp\/v2\/product\/36588","targetHints":{"allow":["GET"]}}],"collection":[{"href":"https:\/\/unikatna-slovenija.si\/en\/wp-json\/wp\/v2\/product"}],"about":[{"href":"https:\/\/unikatna-slovenija.si\/en\/wp-json\/wp\/v2\/types\/product"}],"wp:featuredmedia":[{"embeddable":true,"href":"https:\/\/unikatna-slovenija.si\/en\/wp-json\/wp\/v2\/media\/36056"}],"wp:attachment":[{"href":"https:\/\/unikatna-slovenija.si\/en\/wp-json\/wp\/v2\/media?parent=36588"}],"wp:term":[{"taxonomy":"product_brand","embeddable":true,"href":"https:\/\/unikatna-slovenija.si\/en\/wp-json\/wp\/v2\/product_brand?post=36588"},{"taxonomy":"product_cat","embeddable":true,"href":"https:\/\/unikatna-slovenija.si\/en\/wp-json\/wp\/v2\/product_cat?post=36588"},{"taxonomy":"product_tag","embeddable":true,"href":"https:\/\/unikatna-slovenija.si\/en\/wp-json\/wp\/v2\/product_tag?post=36588"}],"curies":[{"name":"wp","href":"https:\/\/api.w.org\/{rel}","templated":true}]}}