{"id":36107,"date":"2023-10-30T09:07:45","date_gmt":"2023-10-30T07:07:45","guid":{"rendered":"https:\/\/unikatna-slovenija.si\/trgovina\/tuxedo-yves-saint-laurent\/"},"modified":"2025-02-27T01:00:45","modified_gmt":"2025-02-27T00:00:45","slug":"tuxedo-yves-saint-laurent","status":"publish","type":"product","link":"https:\/\/unikatna-slovenija.si\/en\/trgovina\/tuxedo-yves-saint-laurent\/","title":{"rendered":"TUXEDO &#8211; Yves Saint Laurent"},"content":{"rendered":"<p><b>Zgornje note:<\/b> listi vijolice, coriander, bergamotka<br \/>\n<b>Sr\u010dne note:<\/b> vrtnica, \u010drni poper, \u0161marnica<br \/>\n<b>Bazne note:<\/b> pa\u010duli, amber, vanilija<\/p>\n","protected":false},"excerpt":{"rendered":"<p>Zgornje note: listi vijolice, coriander, bergamotka Sr\u010dne note: vrtnica, \u010drni poper, \u0161marnica Bazne note: pa\u010duli, amber, vanilija<\/p>\n","protected":false},"featured_media":36067,"template":"","meta":[],"product_brand":[],"product_cat":[221,731],"product_tag":[253],"class_list":{"0":"post-36107","1":"product","2":"type-product","3":"status-publish","4":"has-post-thumbnail","6":"product_cat-parfumi","7":"product_cat-unisex-parfumi","8":"product_tag-yves-saint-laurent","9":"pa_kolicina-15ml","10":"pa_kolicina-30ml","11":"pa_kolicina-50ml","12":"pa_kolicina-100ml","13":"pa_vrsta-disave-cipresna","15":"first","16":"instock","17":"shipping-taxable","18":"purchasable","19":"product-type-variable"},"aioseo_notices":[],"_links":{"self":[{"href":"https:\/\/unikatna-slovenija.si\/en\/wp-json\/wp\/v2\/product\/36107","targetHints":{"allow":["GET"]}}],"collection":[{"href":"https:\/\/unikatna-slovenija.si\/en\/wp-json\/wp\/v2\/product"}],"about":[{"href":"https:\/\/unikatna-slovenija.si\/en\/wp-json\/wp\/v2\/types\/product"}],"wp:featuredmedia":[{"embeddable":true,"href":"https:\/\/unikatna-slovenija.si\/en\/wp-json\/wp\/v2\/media\/36067"}],"wp:attachment":[{"href":"https:\/\/unikatna-slovenija.si\/en\/wp-json\/wp\/v2\/media?parent=36107"}],"wp:term":[{"taxonomy":"product_brand","embeddable":true,"href":"https:\/\/unikatna-slovenija.si\/en\/wp-json\/wp\/v2\/product_brand?post=36107"},{"taxonomy":"product_cat","embeddable":true,"href":"https:\/\/unikatna-slovenija.si\/en\/wp-json\/wp\/v2\/product_cat?post=36107"},{"taxonomy":"product_tag","embeddable":true,"href":"https:\/\/unikatna-slovenija.si\/en\/wp-json\/wp\/v2\/product_tag?post=36107"}],"curies":[{"name":"wp","href":"https:\/\/api.w.org\/{rel}","templated":true}]}}