{"id":36102,"date":"2023-10-30T09:07:45","date_gmt":"2023-10-30T07:07:45","guid":{"rendered":"https:\/\/unikatna-slovenija.si\/trgovina\/n-la-tosca-xerjoff\/"},"modified":"2025-02-27T01:00:24","modified_gmt":"2025-02-27T00:00:24","slug":"n-la-tosca-xerjoff","status":"publish","type":"product","link":"https:\/\/unikatna-slovenija.si\/en\/trgovina\/n-la-tosca-xerjoff\/","title":{"rendered":"LA TOSCA &#8211; Xerjoff"},"content":{"rendered":"<p><b>Zgornje note:<\/b> italijanska limona, zelena mandarina<br \/>\n<b>Sr\u010dne note:<\/b> bolgarska vrtnica, evkalipt, listi vijolice<br \/>\n<b>Bazne note:<\/b> pa\u010duli, mo\u0161us, jantar, madagaskarska vanilija<\/p>\n","protected":false},"excerpt":{"rendered":"<p>Zgornje note: italijanska limona, zelena mandarina Sr\u010dne note: bolgarska vrtnica, evkalipt, listi vijolice Bazne note: pa\u010duli, mo\u0161us, jantar, madagaskarska vanilija<\/p>\n","protected":false},"featured_media":36056,"template":"","meta":[],"product_brand":[],"product_cat":[221,222],"product_tag":[773],"class_list":{"0":"post-36102","1":"product","2":"type-product","3":"status-publish","4":"has-post-thumbnail","6":"product_cat-parfumi","7":"product_cat-zenski-parfumi","8":"product_tag-xerjoff","9":"pa_kolicina-15ml","10":"pa_kolicina-30ml","11":"pa_kolicina-50ml","12":"pa_kolicina-100ml","13":"pa_vrsta-disave-cvetlicna","14":"pa_vrsta-disave-cipresna","16":"first","17":"instock","18":"shipping-taxable","19":"purchasable","20":"product-type-variable"},"aioseo_notices":[],"_links":{"self":[{"href":"https:\/\/unikatna-slovenija.si\/en\/wp-json\/wp\/v2\/product\/36102","targetHints":{"allow":["GET"]}}],"collection":[{"href":"https:\/\/unikatna-slovenija.si\/en\/wp-json\/wp\/v2\/product"}],"about":[{"href":"https:\/\/unikatna-slovenija.si\/en\/wp-json\/wp\/v2\/types\/product"}],"wp:featuredmedia":[{"embeddable":true,"href":"https:\/\/unikatna-slovenija.si\/en\/wp-json\/wp\/v2\/media\/36056"}],"wp:attachment":[{"href":"https:\/\/unikatna-slovenija.si\/en\/wp-json\/wp\/v2\/media?parent=36102"}],"wp:term":[{"taxonomy":"product_brand","embeddable":true,"href":"https:\/\/unikatna-slovenija.si\/en\/wp-json\/wp\/v2\/product_brand?post=36102"},{"taxonomy":"product_cat","embeddable":true,"href":"https:\/\/unikatna-slovenija.si\/en\/wp-json\/wp\/v2\/product_cat?post=36102"},{"taxonomy":"product_tag","embeddable":true,"href":"https:\/\/unikatna-slovenija.si\/en\/wp-json\/wp\/v2\/product_tag?post=36102"}],"curies":[{"name":"wp","href":"https:\/\/api.w.org\/{rel}","templated":true}]}}