{"id":36066,"date":"2023-10-30T09:07:12","date_gmt":"2023-10-30T07:07:12","guid":{"rendered":"https:\/\/unikatna-slovenija.si\/trgovina\/gentle-fluidity-maison-francis-kurkdjian\/"},"modified":"2025-02-27T01:00:03","modified_gmt":"2025-02-27T00:00:03","slug":"gentle-fluidity-maison-francis-kurkdjian","status":"publish","type":"product","link":"https:\/\/unikatna-slovenija.si\/en\/trgovina\/gentle-fluidity-maison-francis-kurkdjian\/","title":{"rendered":"GENTLE FLUIDITY &#8211; Maison Francis Kurkdjian"},"content":{"rendered":"<p><b>Sestavne note:<\/b> brinove jagode, mo\u0161us, koriander, lesne note, mu\u0161katni ore\u0161\u010dek, amber, vanilija<\/p>\n","protected":false},"excerpt":{"rendered":"<p>Sestavne note: brinove jagode, mo\u0161us, koriander, lesne note, mu\u0161katni ore\u0161\u010dek, amber, vanilija<\/p>\n","protected":false},"featured_media":36067,"template":"","meta":[],"product_brand":[],"product_cat":[221,731],"product_tag":[770],"class_list":{"0":"post-36066","1":"product","2":"type-product","3":"status-publish","4":"has-post-thumbnail","6":"product_cat-parfumi","7":"product_cat-unisex-parfumi","8":"product_tag-maison-francis-kurkdjian","9":"pa_kolicina-15ml","10":"pa_kolicina-30ml","11":"pa_kolicina-50ml","12":"pa_kolicina-100ml","13":"pa_vrsta-disave-aromaticna","14":"pa_vrsta-disave-zacinjena","16":"first","17":"instock","18":"shipping-taxable","19":"purchasable","20":"product-type-variable"},"aioseo_notices":[],"_links":{"self":[{"href":"https:\/\/unikatna-slovenija.si\/en\/wp-json\/wp\/v2\/product\/36066","targetHints":{"allow":["GET"]}}],"collection":[{"href":"https:\/\/unikatna-slovenija.si\/en\/wp-json\/wp\/v2\/product"}],"about":[{"href":"https:\/\/unikatna-slovenija.si\/en\/wp-json\/wp\/v2\/types\/product"}],"wp:featuredmedia":[{"embeddable":true,"href":"https:\/\/unikatna-slovenija.si\/en\/wp-json\/wp\/v2\/media\/36067"}],"wp:attachment":[{"href":"https:\/\/unikatna-slovenija.si\/en\/wp-json\/wp\/v2\/media?parent=36066"}],"wp:term":[{"taxonomy":"product_brand","embeddable":true,"href":"https:\/\/unikatna-slovenija.si\/en\/wp-json\/wp\/v2\/product_brand?post=36066"},{"taxonomy":"product_cat","embeddable":true,"href":"https:\/\/unikatna-slovenija.si\/en\/wp-json\/wp\/v2\/product_cat?post=36066"},{"taxonomy":"product_tag","embeddable":true,"href":"https:\/\/unikatna-slovenija.si\/en\/wp-json\/wp\/v2\/product_tag?post=36066"}],"curies":[{"name":"wp","href":"https:\/\/api.w.org\/{rel}","templated":true}]}}