{"id":32503,"date":"2023-01-26T08:34:57","date_gmt":"2023-01-26T07:34:57","guid":{"rendered":"https:\/\/unikatna-slovenija.si\/trgovina\/irresistible-givenchy-copy\/"},"modified":"2025-02-27T00:59:48","modified_gmt":"2025-02-26T23:59:48","slug":"voce-viva-valentino","status":"publish","type":"product","link":"https:\/\/unikatna-slovenija.si\/en\/trgovina\/voce-viva-valentino\/","title":{"rendered":"VOCE VIVA &#8211; Valentino"},"content":{"rendered":"<section class=\"wpb-content-wrapper\"><p>[vc_row][vc_column][\/vc_column][\/vc_row]<\/p>\n<\/section>","protected":false},"excerpt":{"rendered":"<p>Di\u0161ava, ki se ji ni mo\u010d upreti in je ustvarjena za \u0161armantno, ter privla\u010dno \u017eensko. Parfumska voda Irresistible Givenchy se poigrava s kontrastom med zapeljivo vrtnico in svetim lesom. V uvodu cvetli\u010dne, lesne in sadne di\u0161ave v njeni sestavi igrata glavno vlogo iskriva hru\u0161ka in mu\u0161katni slezenovec. Nato se razdi\u0161ijo cvetli\u010dni toni vrtnice in perunike. Bazne note di\u0161ave, ki na ko\u017ei ostanejo najdlje, so v znamenju toplih lesnih tonov virginijske cedrovine in zapeljivega mo\u0161usa. Moto di\u0161ave je #IRRESISTIBLE IS YOU oziroma \u00bbTi si neustavljivo privla\u010dna\u00ab.<\/p>\n","protected":false},"featured_media":10683,"template":"","meta":[],"product_brand":[],"product_cat":[221,222],"product_tag":[356,258],"class_list":{"0":"post-32503","1":"product","2":"type-product","3":"status-publish","4":"has-post-thumbnail","6":"product_cat-parfumi","7":"product_cat-zenski-parfumi","8":"product_tag-cvetlicni","9":"product_tag-givenchy","11":"first","12":"instock","13":"shipping-taxable","14":"purchasable","15":"product-type-variable"},"aioseo_notices":[],"_links":{"self":[{"href":"https:\/\/unikatna-slovenija.si\/en\/wp-json\/wp\/v2\/product\/32503","targetHints":{"allow":["GET"]}}],"collection":[{"href":"https:\/\/unikatna-slovenija.si\/en\/wp-json\/wp\/v2\/product"}],"about":[{"href":"https:\/\/unikatna-slovenija.si\/en\/wp-json\/wp\/v2\/types\/product"}],"wp:featuredmedia":[{"embeddable":true,"href":"https:\/\/unikatna-slovenija.si\/en\/wp-json\/wp\/v2\/media\/10683"}],"wp:attachment":[{"href":"https:\/\/unikatna-slovenija.si\/en\/wp-json\/wp\/v2\/media?parent=32503"}],"wp:term":[{"taxonomy":"product_brand","embeddable":true,"href":"https:\/\/unikatna-slovenija.si\/en\/wp-json\/wp\/v2\/product_brand?post=32503"},{"taxonomy":"product_cat","embeddable":true,"href":"https:\/\/unikatna-slovenija.si\/en\/wp-json\/wp\/v2\/product_cat?post=32503"},{"taxonomy":"product_tag","embeddable":true,"href":"https:\/\/unikatna-slovenija.si\/en\/wp-json\/wp\/v2\/product_tag?post=32503"}],"curies":[{"name":"wp","href":"https:\/\/api.w.org\/{rel}","templated":true}]}}