{"id":32036,"date":"2022-04-21T22:45:16","date_gmt":"2022-04-21T21:45:16","guid":{"rendered":"https:\/\/unikatna-slovenija.si\/trgovina\/horolux-parfum-za-pranje-perila-joy\/"},"modified":"2022-12-31T18:30:04","modified_gmt":"2022-12-31T17:30:04","slug":"horolux-parfum-za-pranje-perila-joy","status":"publish","type":"product","link":"https:\/\/unikatna-slovenija.si\/en\/trgovina\/horolux-parfum-za-pranje-perila-joy\/","title":{"rendered":"HOROLUX Parfum za pranje perila JOY"},"content":{"rendered":"","protected":false},"excerpt":{"rendered":"<p>JOY HOROLUX je di\u0161ava za pranje perila z aromati\u010dno, lesno in jantarno noto. Di\u0161ava je sve\u017ea in za\u010dinjena, navdihnjena z vonjem no\u010di na daljnem vzhodu. Citrusne note, ter eksoti\u010dni navdih di\u0161avo naredijo sve\u017eo in bogato. Di\u0161ava se odpre z lahkimi in ostrimi notami, ki se prepletajo na topli in orientalski osnovi pa\u010dulija, jantarja in usnja.<span class=\"Y2IQFc\" lang=\"sl\"> Prepustite se di\u0161avnemu potovanju do oddaljenih ciljev. <\/span>Z di\u0161avo Joy boste imeli ob\u010dutek, da vas je zapeljala pod zvezdno nebo, nekam na drugi konec sveta. Privo\u0161\u010dite si luksuzno unisex di\u0161avo Joy in u\u017eivajte v njenem vonju vsak dan.<\/p>\n<p><strong>NOTE DI\u0160AVE:<\/strong> aromati\u010dne note, sve\u017ee note, lesne note, jantar<\/p>\n<p><strong>PARFUM ZA PRANJE PERILA 300 ml <\/strong>V pralni stroj dodajte nekaj kapljic parfuma, da boste dali svojemu perilu di\u0161e\u010d vonj. Parfum vam bo dal ob\u010dutek dobrega po\u010dutja cel dan<strong>. <\/strong><\/p>\n<p><strong>SESTAVA:<\/strong> 3,7-Dimethyl-1,6 Octadien-3-ol, 1(1,2,3,4,5,6,7,8-octahydro-2,3,8,8-tetramethyl-2-naphthyl) Ethanone. 1,8(9)P-Menthadiene, Acetat p-t-but-cicloexile, 1,2 Benzopyrone, 3,7-Dimethylocta-1,6-Dien-3-ylacetate, 3-Methyl-4-(2,6,6-Trimethyl-2-Cyclohexen-1-yl)-3-Buten-2-one (main component). (1S)6,6-Dimethyl-2-Methylenbicyclo Heptane),2-(2,2,7,7-Tetramethytrycyclo (6.2.1.0((1,6))Undec-5 and 4-En-5-YL)Ppopan-1-ol,1-(2,6,6-Trimethyl-3-Cyclohexene-1-yl)-2-Buten-1-one.<\/p>\n<p><strong>OPOZORILO:<\/strong> Ni u\u017eitno! Hranite izven dosega otrok. Pred uporabo natan\u010dno preberite navodila. Po uporabi temeljito operite roke. Izdelka ne vdihujte. Izdelek lahko resno dra\u017ei o\u010di in ko\u017eo, zato ob uporabi uporabite za\u0161\u010ditna o\u010dala in za\u0161\u010ditne rokavice. Izdelek lahko povzro\u010di alergijsko reakcijo.<\/p>\n<p><strong>INCI:<\/strong> Parfum za pranje perila (Profesionalni izdelek)<\/p>\n<p>&nbsp;<\/p>\n<p><strong>\u00a0<\/strong><\/p>\n","protected":false},"featured_media":31681,"template":"","meta":[],"product_brand":[],"product_cat":[643,734,733],"product_tag":[],"class_list":{"0":"post-32036","1":"product","2":"type-product","3":"status-publish","4":"has-post-thumbnail","6":"product_cat-disave-za-dom","7":"product_cat-parfum-za-pranje-horolux","8":"product_cat-parfum-za-pranje-perila","10":"first","11":"instock","12":"shipping-taxable","13":"purchasable","14":"product-type-simple"},"aioseo_notices":[],"_links":{"self":[{"href":"https:\/\/unikatna-slovenija.si\/en\/wp-json\/wp\/v2\/product\/32036","targetHints":{"allow":["GET"]}}],"collection":[{"href":"https:\/\/unikatna-slovenija.si\/en\/wp-json\/wp\/v2\/product"}],"about":[{"href":"https:\/\/unikatna-slovenija.si\/en\/wp-json\/wp\/v2\/types\/product"}],"wp:featuredmedia":[{"embeddable":true,"href":"https:\/\/unikatna-slovenija.si\/en\/wp-json\/wp\/v2\/media\/31681"}],"wp:attachment":[{"href":"https:\/\/unikatna-slovenija.si\/en\/wp-json\/wp\/v2\/media?parent=32036"}],"wp:term":[{"taxonomy":"product_brand","embeddable":true,"href":"https:\/\/unikatna-slovenija.si\/en\/wp-json\/wp\/v2\/product_brand?post=32036"},{"taxonomy":"product_cat","embeddable":true,"href":"https:\/\/unikatna-slovenija.si\/en\/wp-json\/wp\/v2\/product_cat?post=32036"},{"taxonomy":"product_tag","embeddable":true,"href":"https:\/\/unikatna-slovenija.si\/en\/wp-json\/wp\/v2\/product_tag?post=32036"}],"curies":[{"name":"wp","href":"https:\/\/api.w.org\/{rel}","templated":true}]}}