{"id":32019,"date":"2022-04-21T22:45:15","date_gmt":"2022-04-21T21:45:15","guid":{"rendered":"https:\/\/unikatna-slovenija.si\/trgovina\/horolux-parfum-za-pranje-perila-dea\/"},"modified":"2022-12-31T18:29:52","modified_gmt":"2022-12-31T17:29:52","slug":"horolux-parfum-za-pranje-perila-dea","status":"publish","type":"product","link":"https:\/\/unikatna-slovenija.si\/en\/trgovina\/horolux-parfum-za-pranje-perila-dea\/","title":{"rendered":"HOROLUX Parfum za pranje perila DEA"},"content":{"rendered":"","protected":false},"excerpt":{"rendered":"<p>DEA HOROLUX je \u017eenstvena lahka in ne\u017ena sadno cvetli\u010dna di\u0161ava za pranje perila. Prijetna di\u0161ava vas bo spremljala na potovanju po cvetli\u010dnem polju obkro\u017eenem s ti\u0161ino in vonjem po cvetju. Dala vam bo spro\u0161\u010dujo\u010d in miren ob\u010dutek.<\/p>\n<p><strong>NOTE DI\u0160AVE:<\/strong> cvetli\u010dne, sadne, lesne, vanilija<\/p>\n<p><strong>PARFUM ZA PRANJE PERILA 300 ml <\/strong>V pralni stroj dodajte nekaj kapljic parfuma, da boste dali svojemu perilu di\u0161e\u010d vonj. Parfum vam bo dal ob\u010dutek dobrega po\u010dutja cel dan<strong>. <\/strong><\/p>\n<p><strong>SESTAVA:<\/strong> 1-(1,2,3,4,5,6,7,8-Octahydro-2,3,8,8-Tetramhetyl-2-Naphthyl)-Ethanone. 3,7-Dimethylocta-1,6-Dien-3-yl Acetat, 3,7-Dimethyl-3-Octanol, 3,4,5,6,6 Pentamethylhept-en-2-One (and isomers), Demascenone.<\/p>\n<p><strong>OPOZORILO:<\/strong> Ni u\u017eitno! Hranite izven dosega otrok. Pred uporabo natan\u010dno preberite navodila. Po uporabi temeljito operite roke. Izdelka ne vdihujte. Izdelek lahko resno dra\u017ei o\u010di in ko\u017eo, zato ob uporabi uporabite za\u0161\u010ditna o\u010dala in za\u0161\u010ditne rokavice. Izdelek lahko povzro\u010di alergijsko reakcijo.<\/p>\n<p><strong>INCI:<\/strong> Parfum za pranje perila (Profesionalni izdelek)<\/p>\n<p>&nbsp;<\/p>\n<p>&nbsp;<\/p>\n<p><strong>\u00a0<\/strong><\/p>\n","protected":false},"featured_media":31671,"template":"","meta":[],"product_brand":[],"product_cat":[643,734,733],"product_tag":[],"class_list":{"0":"post-32019","1":"product","2":"type-product","3":"status-publish","4":"has-post-thumbnail","6":"product_cat-disave-za-dom","7":"product_cat-parfum-za-pranje-horolux","8":"product_cat-parfum-za-pranje-perila","10":"first","11":"instock","12":"shipping-taxable","13":"purchasable","14":"product-type-simple"},"aioseo_notices":[],"_links":{"self":[{"href":"https:\/\/unikatna-slovenija.si\/en\/wp-json\/wp\/v2\/product\/32019","targetHints":{"allow":["GET"]}}],"collection":[{"href":"https:\/\/unikatna-slovenija.si\/en\/wp-json\/wp\/v2\/product"}],"about":[{"href":"https:\/\/unikatna-slovenija.si\/en\/wp-json\/wp\/v2\/types\/product"}],"wp:featuredmedia":[{"embeddable":true,"href":"https:\/\/unikatna-slovenija.si\/en\/wp-json\/wp\/v2\/media\/31671"}],"wp:attachment":[{"href":"https:\/\/unikatna-slovenija.si\/en\/wp-json\/wp\/v2\/media?parent=32019"}],"wp:term":[{"taxonomy":"product_brand","embeddable":true,"href":"https:\/\/unikatna-slovenija.si\/en\/wp-json\/wp\/v2\/product_brand?post=32019"},{"taxonomy":"product_cat","embeddable":true,"href":"https:\/\/unikatna-slovenija.si\/en\/wp-json\/wp\/v2\/product_cat?post=32019"},{"taxonomy":"product_tag","embeddable":true,"href":"https:\/\/unikatna-slovenija.si\/en\/wp-json\/wp\/v2\/product_tag?post=32019"}],"curies":[{"name":"wp","href":"https:\/\/api.w.org\/{rel}","templated":true}]}}