{"id":31955,"date":"2022-04-21T22:43:42","date_gmt":"2022-04-21T21:43:42","guid":{"rendered":"https:\/\/unikatna-slovenija.si\/trgovina\/parfum-za-pranje-perila-glasba-sonca\/"},"modified":"2022-12-31T18:31:14","modified_gmt":"2022-12-31T17:31:14","slug":"parfum-za-pranje-perila-glasba-sonca","status":"publish","type":"product","link":"https:\/\/unikatna-slovenija.si\/en\/trgovina\/parfum-za-pranje-perila-glasba-sonca\/","title":{"rendered":"Parfum za pranje perila GLASBA SONCA"},"content":{"rendered":"","protected":false},"excerpt":{"rendered":"<p>Novo na trgu! Ste \u017ee sli\u0161ali za parfum, ki se uporablja za pranje perila? Sedaj je na voljo tudi pri nas. V ponudbi imamo 16 razli\u010dnih vrst parfumov za pranje perila. Na voljo so v treh razli\u010dnih velikostih; 50, 250 in 500 ml. Izdelki so narejeni v Italiji v podjetju Horomia, ki ima dolgoletno tradicijo za tovrstne izdelke.<\/p>\n<p>Profesionalni izdelki Musica Del Sole Horomia so veliko ve\u010d kot le preproste di\u0161ave za perilo. Le nekaj kapljic dodanih v pralni stroj je dovolj za pridobitev di\u0161e\u010dih obla\u010dil. Parfumirana obla\u010dila vam dajo ob\u010dutek dobrega po\u010dutja skozi ves dan.<\/p>\n<p><strong>NOTE DI\u0160AVE:<\/strong> breskev, roza heliotrop, beli mo\u0161us, cedra<\/p>\n<p><strong>SESTAVA:<\/strong> ACETATO P-T-BUT-CICLOEXILE, 3,2-METHYL-3(4-TERT-BUTYLPHENY) PROPANAL, 1-(1,2,3,4,5,6,7,8-OCTAHYDRO-2,3,8,8-TETRAMETHYL-2-NAPHTHYL)-ETHANONE, 6-OCTEN-1-OL, 3,7-DIMETHYL, 1,2-BENZOPYRONE, 3,4,5,6,6, PEENTAMETHYLHEPT-3-2-ONE (AND ISOMERS), 3,4-METHYLENDIOXYBENZALDEHYDE, 3-METHYL-4(2,6,6-TRIMETHYL-2-CYCLOHEXEN-1-YL)-3-BUTEN-2-ONE<\/p>\n<p><strong>OPOZORILO:<\/strong> Ni u\u017eitno! Hranite izven dosega otrok. Pred uporabo natan\u010dno preberite navodila. Po uporabi temeljito operite roke. Izdelka ne vdihujte. Izdelek lahko resno dra\u017ei o\u010di in ko\u017eo, zato ob uporabi uporabite za\u0161\u010ditna o\u010dala in za\u0161\u010ditne rokavice. Izdelek lahko povzro\u010di alergijsko reakcijo.<\/p>\n<p><strong>INCI:<\/strong> Parfum (Profesionalni izdelek)<\/p>\n","protected":false},"featured_media":31633,"template":"","meta":[],"product_brand":[],"product_cat":[643,733],"product_tag":[],"class_list":{"0":"post-31955","1":"product","2":"type-product","3":"status-publish","4":"has-post-thumbnail","6":"product_cat-disave-za-dom","7":"product_cat-parfum-za-pranje-perila","8":"pa_kolicina-250ml","9":"pa_kolicina-500ml","10":"pa_kolicina-50ml","12":"first","13":"instock","14":"shipping-taxable","15":"purchasable","16":"product-type-variable"},"aioseo_notices":[],"_links":{"self":[{"href":"https:\/\/unikatna-slovenija.si\/en\/wp-json\/wp\/v2\/product\/31955","targetHints":{"allow":["GET"]}}],"collection":[{"href":"https:\/\/unikatna-slovenija.si\/en\/wp-json\/wp\/v2\/product"}],"about":[{"href":"https:\/\/unikatna-slovenija.si\/en\/wp-json\/wp\/v2\/types\/product"}],"wp:featuredmedia":[{"embeddable":true,"href":"https:\/\/unikatna-slovenija.si\/en\/wp-json\/wp\/v2\/media\/31633"}],"wp:attachment":[{"href":"https:\/\/unikatna-slovenija.si\/en\/wp-json\/wp\/v2\/media?parent=31955"}],"wp:term":[{"taxonomy":"product_brand","embeddable":true,"href":"https:\/\/unikatna-slovenija.si\/en\/wp-json\/wp\/v2\/product_brand?post=31955"},{"taxonomy":"product_cat","embeddable":true,"href":"https:\/\/unikatna-slovenija.si\/en\/wp-json\/wp\/v2\/product_cat?post=31955"},{"taxonomy":"product_tag","embeddable":true,"href":"https:\/\/unikatna-slovenija.si\/en\/wp-json\/wp\/v2\/product_tag?post=31955"}],"curies":[{"name":"wp","href":"https:\/\/api.w.org\/{rel}","templated":true}]}}