{"id":31830,"date":"2022-04-21T22:42:42","date_gmt":"2022-04-21T21:42:42","guid":{"rendered":"https:\/\/unikatna-slovenija.si\/trgovina\/parfum-za-pranje-perila-svoboda\/"},"modified":"2022-12-31T18:32:17","modified_gmt":"2022-12-31T17:32:17","slug":"parfum-za-pranje-perila-svoboda","status":"publish","type":"product","link":"https:\/\/unikatna-slovenija.si\/en\/trgovina\/parfum-za-pranje-perila-svoboda\/","title":{"rendered":"Parfum za pranje perila SVOBODA"},"content":{"rendered":"","protected":false},"excerpt":{"rendered":"<p>Novo na trgu! Ste \u017ee sli\u0161ali za parfum, ki se uporablja za pranje perila? Sedaj je na voljo tudi pri nas. V ponudbi imamo 16 razli\u010dnih vrst parfumov za pranje perila. Na voljo so v treh razli\u010dnih velikostih; 50, 250 in 500 ml. Izdelki so narejeni v Italiji v podjetju Horomia, ki ima dolgoletno tradicijo za tovrstne izdelke.<\/p>\n<p>Profesionalni izdelki Liberty Horomia so veliko ve\u010d kot le preproste di\u0161ave za perilo. Le nekaj kapljic dodanih v pralni stroj je dovolj za pridobitev di\u0161e\u010dih obla\u010dil. Parfumirana obla\u010dila vam dajo ob\u010dutek dobrega po\u010dutja skozi ves dan.<\/p>\n<p><strong>NOTE DI\u0160AVE:<\/strong> cvetli\u010dne, sve\u017ee, citrusne<\/p>\n","protected":false},"featured_media":31564,"template":"","meta":[],"product_brand":[],"product_cat":[643,733],"product_tag":[],"class_list":{"0":"post-31830","1":"product","2":"type-product","3":"status-publish","4":"has-post-thumbnail","6":"product_cat-disave-za-dom","7":"product_cat-parfum-za-pranje-perila","8":"pa_kolicina-250ml","9":"pa_kolicina-500ml","10":"pa_kolicina-50ml","12":"first","13":"instock","14":"shipping-taxable","15":"purchasable","16":"product-type-variable"},"aioseo_notices":[],"_links":{"self":[{"href":"https:\/\/unikatna-slovenija.si\/en\/wp-json\/wp\/v2\/product\/31830","targetHints":{"allow":["GET"]}}],"collection":[{"href":"https:\/\/unikatna-slovenija.si\/en\/wp-json\/wp\/v2\/product"}],"about":[{"href":"https:\/\/unikatna-slovenija.si\/en\/wp-json\/wp\/v2\/types\/product"}],"wp:featuredmedia":[{"embeddable":true,"href":"https:\/\/unikatna-slovenija.si\/en\/wp-json\/wp\/v2\/media\/31564"}],"wp:attachment":[{"href":"https:\/\/unikatna-slovenija.si\/en\/wp-json\/wp\/v2\/media?parent=31830"}],"wp:term":[{"taxonomy":"product_brand","embeddable":true,"href":"https:\/\/unikatna-slovenija.si\/en\/wp-json\/wp\/v2\/product_brand?post=31830"},{"taxonomy":"product_cat","embeddable":true,"href":"https:\/\/unikatna-slovenija.si\/en\/wp-json\/wp\/v2\/product_cat?post=31830"},{"taxonomy":"product_tag","embeddable":true,"href":"https:\/\/unikatna-slovenija.si\/en\/wp-json\/wp\/v2\/product_tag?post=31830"}],"curies":[{"name":"wp","href":"https:\/\/api.w.org\/{rel}","templated":true}]}}