{"id":31666,"date":"2022-04-21T22:44:18","date_gmt":"2022-04-21T21:44:18","guid":{"rendered":"https:\/\/unikatna-slovenija.si\/trgovina\/set-parfumov-za-pranje-perila-fiori-2\/"},"modified":"2022-12-31T18:04:05","modified_gmt":"2022-12-31T17:04:05","slug":"set-parfumov-za-pranje-perila-fiori-2","status":"publish","type":"product","link":"https:\/\/unikatna-slovenija.si\/en\/trgovina\/set-parfumov-za-pranje-perila-fiori-2\/","title":{"rendered":"SET Parfumov za pranje perila FIORI"},"content":{"rendered":"","protected":false},"excerpt":{"rendered":"<p><strong style=\"color: #ed7a97;\">\u017deli\u0161 v paketu prejeti le izbrane di\u0161ave<\/strong><strong style=\"color: #ed7a97;\">?<\/strong> Pripi\u0161i imena vonjav v opombe pri zaklju\u010dku naro\u010dila in poslali ti bomo le izbrane di\u0161ave.<\/p>\n<p><strong>\u2705\u00a0 Set parfumov za pranje perila HOROBOX FIORI:<\/strong> V setu je 10 razli\u010dnih 50 ml parfumov za pranje perila.<\/p>\n<p><strong>\u2705\u00a0 <\/strong>Vsebuje:<strong><em> White (Belo), Gold Argan (Zlati Argan), Blue Fior Di Loto (Modri cvet Lotosa), Petali di Peonia (Potonika), Musica del Sole (Glasba Sonca), Fresh Cotton (Sve\u017ei Bomba\u017e),\u00a0 Vaniglia e Mirra (Vanilija), Baby Talco (Otro\u0161ki Dotik), Liberty (Svoboda), Imperial Soap (Cesarsko milo)<br \/>\n<\/em><\/strong><\/p>\n<p><strong>Novo na slovenskem trgu!<\/strong><\/p>\n<p>\u2705\u00a0 Si \u017ee sli\u0161al\/-a za parfum, ki se uporablja za pranje perila?<br \/>\n\u2705\u00a0 Sedaj je na voljo tudi pri nas. Izdelki so narejeni v Italiji v podjetju Horomia, ki ima dolgoletno tradicijo za tovrstne izdelke.<br \/>\n\u2705\u00a0 Profesionalni izdelki Horomia so veliko ve\u010d kot le preproste di\u0161ave za perilo.<br \/>\n\u2705\u00a0 Dodajte le nekaj kapljic v pralni stroj, kar je dovolj za pridobitev izjemno di\u0161e\u010dih obla\u010dil. Parfumirana obla\u010dila ti dajo ob\u010dutek dobrega po\u010dutja skozi ves dan.<strong>\u00a0<\/strong><\/p>\n","protected":false},"featured_media":31667,"template":"","meta":[],"product_brand":[],"product_cat":[643,708],"product_tag":[],"class_list":{"0":"post-31666","1":"product","2":"type-product","3":"status-publish","4":"has-post-thumbnail","6":"product_cat-disave-za-dom","7":"product_cat-seti-parfumov-za-pranje-perila","9":"first","10":"instock","11":"shipping-taxable","12":"purchasable","13":"product-type-simple"},"aioseo_notices":[],"_links":{"self":[{"href":"https:\/\/unikatna-slovenija.si\/en\/wp-json\/wp\/v2\/product\/31666","targetHints":{"allow":["GET"]}}],"collection":[{"href":"https:\/\/unikatna-slovenija.si\/en\/wp-json\/wp\/v2\/product"}],"about":[{"href":"https:\/\/unikatna-slovenija.si\/en\/wp-json\/wp\/v2\/types\/product"}],"wp:featuredmedia":[{"embeddable":true,"href":"https:\/\/unikatna-slovenija.si\/en\/wp-json\/wp\/v2\/media\/31667"}],"wp:attachment":[{"href":"https:\/\/unikatna-slovenija.si\/en\/wp-json\/wp\/v2\/media?parent=31666"}],"wp:term":[{"taxonomy":"product_brand","embeddable":true,"href":"https:\/\/unikatna-slovenija.si\/en\/wp-json\/wp\/v2\/product_brand?post=31666"},{"taxonomy":"product_cat","embeddable":true,"href":"https:\/\/unikatna-slovenija.si\/en\/wp-json\/wp\/v2\/product_cat?post=31666"},{"taxonomy":"product_tag","embeddable":true,"href":"https:\/\/unikatna-slovenija.si\/en\/wp-json\/wp\/v2\/product_tag?post=31666"}],"curies":[{"name":"wp","href":"https:\/\/api.w.org\/{rel}","templated":true}]}}