{"id":30657,"date":"2022-11-12T15:00:59","date_gmt":"2022-11-12T14:00:59","guid":{"rendered":"https:\/\/unikatna-slovenija.si\/?post_type=product&#038;p=30657"},"modified":"2025-02-27T00:59:28","modified_gmt":"2025-02-26T23:59:28","slug":"my-way-floral-armani","status":"publish","type":"product","link":"https:\/\/unikatna-slovenija.si\/en\/trgovina\/my-way-floral-armani\/","title":{"rendered":"MY WAY FLORAL &#8211; Armani"},"content":{"rendered":"","protected":false},"excerpt":{"rendered":"<p><strong>\u017dENSKI PARFUM<\/strong><\/p>\n<p>My Way Floral je bolj cvetli\u010dna in \u0161e bolj sve\u017ea interpretacija brez\u010dasne cvetli\u010dne di\u0161ave My Way. Di\u0161ava zdru\u017euje bel cvetli\u010dni \u0161opek s sijo\u010dimi, sve\u017eimi, zelenimi notami.\u200b\u200b\u200b Zdru\u017euje sve\u017ee citruse s \u0161opkom belih cvetov, ter tople vanilije in belega mo\u0161usa. Te note skupaj ustvarjajo sijo\u010do di\u0161avo, saj vabijo tiste, ki jo nosijo, da raz\u0161irijo svoja obzorja z novimi sre\u010danji in izku\u0161njami.\u200b Ste pripravljeni na novo pot samoodkrivanja in pristnih sre\u010danj? Predstavljamo MY WAY FLORAL, novo cveto\u010do interpretacijo kultne cvetli\u010dne di\u0161ave.<\/p>\n","protected":false},"featured_media":25652,"template":"","meta":[],"product_brand":[],"product_cat":[221,222],"product_tag":[226],"class_list":{"0":"post-30657","1":"product","2":"type-product","3":"status-publish","4":"has-post-thumbnail","6":"product_cat-parfumi","7":"product_cat-zenski-parfumi","8":"product_tag-armani","9":"pa_kolicina-15ml","10":"pa_kolicina-30ml","11":"pa_kolicina-50ml","12":"pa_kolicina-100ml","14":"first","15":"outofstock","16":"shipping-taxable","17":"purchasable","18":"product-type-variable"},"aioseo_notices":[],"_links":{"self":[{"href":"https:\/\/unikatna-slovenija.si\/en\/wp-json\/wp\/v2\/product\/30657","targetHints":{"allow":["GET"]}}],"collection":[{"href":"https:\/\/unikatna-slovenija.si\/en\/wp-json\/wp\/v2\/product"}],"about":[{"href":"https:\/\/unikatna-slovenija.si\/en\/wp-json\/wp\/v2\/types\/product"}],"wp:featuredmedia":[{"embeddable":true,"href":"https:\/\/unikatna-slovenija.si\/en\/wp-json\/wp\/v2\/media\/25652"}],"wp:attachment":[{"href":"https:\/\/unikatna-slovenija.si\/en\/wp-json\/wp\/v2\/media?parent=30657"}],"wp:term":[{"taxonomy":"product_brand","embeddable":true,"href":"https:\/\/unikatna-slovenija.si\/en\/wp-json\/wp\/v2\/product_brand?post=30657"},{"taxonomy":"product_cat","embeddable":true,"href":"https:\/\/unikatna-slovenija.si\/en\/wp-json\/wp\/v2\/product_cat?post=30657"},{"taxonomy":"product_tag","embeddable":true,"href":"https:\/\/unikatna-slovenija.si\/en\/wp-json\/wp\/v2\/product_tag?post=30657"}],"curies":[{"name":"wp","href":"https:\/\/api.w.org\/{rel}","templated":true}]}}