{"id":29409,"date":"2022-07-29T16:16:24","date_gmt":"2022-07-29T15:16:24","guid":{"rendered":"https:\/\/unikatna-slovenija.si\/trgovina\/la-panthere-cartier-copy\/"},"modified":"2025-02-27T00:59:12","modified_gmt":"2025-02-26T23:59:12","slug":"si-intense-armani","status":"publish","type":"product","link":"https:\/\/unikatna-slovenija.si\/en\/trgovina\/si-intense-armani\/","title":{"rendered":"SI INTENSE &#8211; Armani"},"content":{"rendered":"","protected":false},"excerpt":{"rendered":"<p><strong>\u017dENSKI PARFUM<\/strong><\/p>\n<div class=\"description woocommerce-product-details__short-description\">\n<p>Kot \u017ee samo ime pove, vam bo parfumska voda za \u017eenske S\u00ec Intense Armani prinesla resni\u010dno intenzivno do\u017eivetje. Di\u0161avo lahko opi\u0161emo kot poklon sodobni \u017eenstvenosti, neustavljivi kombinaciji \u0161arma, mo\u010di in neodvisnega duha. Ali ste pripravljeni re\u010di S\u00ec \u2013 italijanski DA svobodi, ljubezni in svojim sanjam? Potem je ta di\u0161ava prava za vas. V sestavi parfuma vam bo va\u0161e \u010dute najprej o\u010daral okusni \u010drni ribez. Nato bo zadi\u0161ala tur\u0161ka vrtnica in davana. Bazne note di\u0161ave, ki na ko\u017ei trajajo najdlje, zaznamujeta pa\u010duli in smola. S\u00ec Intense je intenzivnej\u0161a razli\u010dica legendarne di\u0161ave Armani S\u00ec, ki izra\u017ea \u017eensko mo\u010d in energijo.<\/p>\n<\/div>\n","protected":false},"featured_media":25652,"template":"","meta":[],"product_brand":[],"product_cat":[221,222],"product_tag":[226],"class_list":{"0":"post-29409","1":"product","2":"type-product","3":"status-publish","4":"has-post-thumbnail","6":"product_cat-parfumi","7":"product_cat-zenski-parfumi","8":"product_tag-armani","9":"pa_kolicina-15ml","10":"pa_kolicina-30ml","11":"pa_kolicina-50ml","12":"pa_kolicina-100ml","14":"first","15":"instock","16":"purchasable","17":"product-type-variable"},"aioseo_notices":[],"_links":{"self":[{"href":"https:\/\/unikatna-slovenija.si\/en\/wp-json\/wp\/v2\/product\/29409","targetHints":{"allow":["GET"]}}],"collection":[{"href":"https:\/\/unikatna-slovenija.si\/en\/wp-json\/wp\/v2\/product"}],"about":[{"href":"https:\/\/unikatna-slovenija.si\/en\/wp-json\/wp\/v2\/types\/product"}],"wp:featuredmedia":[{"embeddable":true,"href":"https:\/\/unikatna-slovenija.si\/en\/wp-json\/wp\/v2\/media\/25652"}],"wp:attachment":[{"href":"https:\/\/unikatna-slovenija.si\/en\/wp-json\/wp\/v2\/media?parent=29409"}],"wp:term":[{"taxonomy":"product_brand","embeddable":true,"href":"https:\/\/unikatna-slovenija.si\/en\/wp-json\/wp\/v2\/product_brand?post=29409"},{"taxonomy":"product_cat","embeddable":true,"href":"https:\/\/unikatna-slovenija.si\/en\/wp-json\/wp\/v2\/product_cat?post=29409"},{"taxonomy":"product_tag","embeddable":true,"href":"https:\/\/unikatna-slovenija.si\/en\/wp-json\/wp\/v2\/product_tag?post=29409"}],"curies":[{"name":"wp","href":"https:\/\/api.w.org\/{rel}","templated":true}]}}