{"id":26894,"date":"2022-04-21T23:47:37","date_gmt":"2022-04-21T22:47:37","guid":{"rendered":"https:\/\/unikatna-slovenija.si\/?post_type=product&#038;p=26894"},"modified":"2025-02-27T00:58:57","modified_gmt":"2025-02-26T23:58:57","slug":"prada-tendre-prada","status":"publish","type":"product","link":"https:\/\/unikatna-slovenija.si\/en\/trgovina\/prada-tendre-prada\/","title":{"rendered":"TENDRE &#8211; Prada"},"content":{"rendered":"","protected":false},"excerpt":{"rendered":"<p><strong>\u017dENSKI PARFUM<\/strong><\/p>\n<div class=\"styled__CommonMarginWrapper-aohf13-8 styled__MarginWrapper-sc-1eu1dd2-1 TfatZ euWhMt\">\n<div id=\"pd-description-text\" class=\"styled__Description-sc-1eu1dd2-3 eZoNhS\">\n<p>Parfum Prada Tendre vas bo presenetil s svojo inovativno in lahko obliko. Di\u0161ava je povezana z luksuzno eleganco, \u0161armom in edinstvenostjo. \u017denske, ki ljubijo modne trende bodo navdu\u0161ene. Ta \u010darobna di\u0161ava je zelo \u017eenstvena in prefinjena. Prvi trenutki parfuma Prada Tendre se odpirajo s sve\u017eimi citrusnimi notami. Kasneje za\u010dutite cvetli\u010dno srce, ki vsebuje jasmin, \u010daj in kardamom. Zaklju\u010dek di\u0161ave je dopolnjen s toplimi notami sandalovine, pa\u010dulija in cedre. Rezultat je \u010darobna esenca. Parfum je za\u010dinjena di\u0161ava s pridihom citrusov. Idealna za \u017eenske, ki so samozavestne in uspe\u0161ne. Z edinstveno di\u0161avo postanete nepremagljive!<\/p>\n<\/div>\n<\/div>\n","protected":false},"featured_media":25652,"template":"","meta":[],"product_brand":[],"product_cat":[221,222],"product_tag":[263],"class_list":{"0":"post-26894","1":"product","2":"type-product","3":"status-publish","4":"has-post-thumbnail","6":"product_cat-parfumi","7":"product_cat-zenski-parfumi","8":"product_tag-prada","9":"pa_kolicina-15ml","10":"pa_kolicina-30ml","11":"pa_kolicina-50ml","12":"pa_kolicina-100ml","14":"first","15":"instock","16":"purchasable","17":"product-type-variable"},"aioseo_notices":[],"_links":{"self":[{"href":"https:\/\/unikatna-slovenija.si\/en\/wp-json\/wp\/v2\/product\/26894","targetHints":{"allow":["GET"]}}],"collection":[{"href":"https:\/\/unikatna-slovenija.si\/en\/wp-json\/wp\/v2\/product"}],"about":[{"href":"https:\/\/unikatna-slovenija.si\/en\/wp-json\/wp\/v2\/types\/product"}],"wp:featuredmedia":[{"embeddable":true,"href":"https:\/\/unikatna-slovenija.si\/en\/wp-json\/wp\/v2\/media\/25652"}],"wp:attachment":[{"href":"https:\/\/unikatna-slovenija.si\/en\/wp-json\/wp\/v2\/media?parent=26894"}],"wp:term":[{"taxonomy":"product_brand","embeddable":true,"href":"https:\/\/unikatna-slovenija.si\/en\/wp-json\/wp\/v2\/product_brand?post=26894"},{"taxonomy":"product_cat","embeddable":true,"href":"https:\/\/unikatna-slovenija.si\/en\/wp-json\/wp\/v2\/product_cat?post=26894"},{"taxonomy":"product_tag","embeddable":true,"href":"https:\/\/unikatna-slovenija.si\/en\/wp-json\/wp\/v2\/product_tag?post=26894"}],"curies":[{"name":"wp","href":"https:\/\/api.w.org\/{rel}","templated":true}]}}