{"id":26892,"date":"2022-04-21T23:47:36","date_gmt":"2022-04-21T22:47:36","guid":{"rendered":"https:\/\/unikatna-slovenija.si\/?post_type=product&#038;p=26892"},"modified":"2022-08-08T19:02:15","modified_gmt":"2022-08-08T18:02:15","slug":"set-parfum-za-pranje-perila-cesarsko-milo","status":"publish","type":"product","link":"https:\/\/unikatna-slovenija.si\/en\/trgovina\/set-parfum-za-pranje-perila-cesarsko-milo\/","title":{"rendered":"SET Parfum za pranje perila CESARSKO MILO"},"content":{"rendered":"","protected":false},"excerpt":{"rendered":"<p><strong>NOTE DI\u0160AVE:\u00a0<\/strong>agrumi, cvetli\u010dne note, jantar, vanilija<\/p>\n<p>Set IMPERIAL SOAP Horomia je sestavljen iz dveh izdelkov:<\/p>\n<p>1 x 250 ml parfum za pranje perila<\/p>\n<p>1 x 250 ml di\u0161ava za tkanine in prostor<\/p>\n<p><strong>SESTAVA PARFUM ZA PRANJE PERILA: <\/strong>Benzyl Salicylate, Coumarin, Geraniol, Hexyl Cinnamal, Hexyl Salicylate, Linalool, Cinnamal, Citronellol, Limonene, Eucalyptol, Heliotropine, Methylundecanal, Undecylenal<\/p>\n<p><strong>OPOZORILO:<\/strong> Ni u\u017eitno! Hranite izven dosega otrok. Pred uporabo natan\u010dno preberite navodila. Po uporabi temeljito operite roke. Izdelka ne vdihujte. Izdelek lahko resno dra\u017ei o\u010di in ko\u017eo, zato ob uporabi uporabite za\u0161\u010ditna o\u010dala in za\u0161\u010ditne rokavice.<\/p>\n<p><strong>SESTAVA ZA SPREJ:<\/strong> Benzyl salicylate, Coumarin, Limonene, Geraniol, Hexyl Cinnamal, Hexyl salicylate, Linalool, Cinnamal, Citronellol, Eucalyptol, Heliotropine, Methylundecanal, Undecylenal<\/p>\n<p><strong>INCI:<\/strong> Parfum za tkanine in prostor (Profesionalni izdelek)<\/p>\n<p><strong>\u00a0<\/strong><\/p>\n","protected":false},"featured_media":26927,"template":"","meta":[],"product_brand":[],"product_cat":[643,709,708],"product_tag":[],"class_list":{"0":"post-26892","1":"product","2":"type-product","3":"status-publish","4":"has-post-thumbnail","6":"product_cat-disave-za-dom","7":"product_cat-disave-za-tkanino","8":"product_cat-seti-parfumov-za-pranje-perila","10":"first","11":"instock","12":"shipping-taxable","13":"purchasable","14":"product-type-simple"},"aioseo_notices":[],"_links":{"self":[{"href":"https:\/\/unikatna-slovenija.si\/en\/wp-json\/wp\/v2\/product\/26892","targetHints":{"allow":["GET"]}}],"collection":[{"href":"https:\/\/unikatna-slovenija.si\/en\/wp-json\/wp\/v2\/product"}],"about":[{"href":"https:\/\/unikatna-slovenija.si\/en\/wp-json\/wp\/v2\/types\/product"}],"wp:featuredmedia":[{"embeddable":true,"href":"https:\/\/unikatna-slovenija.si\/en\/wp-json\/wp\/v2\/media\/26927"}],"wp:attachment":[{"href":"https:\/\/unikatna-slovenija.si\/en\/wp-json\/wp\/v2\/media?parent=26892"}],"wp:term":[{"taxonomy":"product_brand","embeddable":true,"href":"https:\/\/unikatna-slovenija.si\/en\/wp-json\/wp\/v2\/product_brand?post=26892"},{"taxonomy":"product_cat","embeddable":true,"href":"https:\/\/unikatna-slovenija.si\/en\/wp-json\/wp\/v2\/product_cat?post=26892"},{"taxonomy":"product_tag","embeddable":true,"href":"https:\/\/unikatna-slovenija.si\/en\/wp-json\/wp\/v2\/product_tag?post=26892"}],"curies":[{"name":"wp","href":"https:\/\/api.w.org\/{rel}","templated":true}]}}