{"id":26863,"date":"2022-04-21T23:47:11","date_gmt":"2022-04-21T22:47:11","guid":{"rendered":"https:\/\/unikatna-slovenija.si\/?post_type=product&#038;p=26863"},"modified":"2025-02-27T00:58:57","modified_gmt":"2025-02-26T23:58:57","slug":"phantom-paco-rabanne","status":"publish","type":"product","link":"https:\/\/unikatna-slovenija.si\/en\/trgovina\/phantom-paco-rabanne\/","title":{"rendered":"PHANTOM &#8211; Paco Rabanne"},"content":{"rendered":"","protected":false},"excerpt":{"rendered":"<p><strong>MO\u0160KI PARFUM<\/strong><\/p>\n<p>Phantom Paco Rabanne je aromati\u010dno lesna di\u0161ava za mo\u0161ke. Revolucionarna di\u0161ava vam bo dala takoj\u0161en odmerek dobrega po\u010dutja. V uvodu so najizrazitej\u0161i kremasti toni sivke, ki jih \u010dez hip zamenjajo z energijo napolnjeni citrusi iz Italije in aroma madagaskarske vanilje, ki deluje zelo seksi. Vse to dopolnjuje vetiver, ki ga za\u010dutite kot zadnjega. S to di\u0161avno kompozicijo boste u\u017eivali resni\u010dno dolgo.<\/p>\n","protected":false},"featured_media":25655,"template":"","meta":[],"product_brand":[],"product_cat":[231,221],"product_tag":[237],"class_list":{"0":"post-26863","1":"product","2":"type-product","3":"status-publish","4":"has-post-thumbnail","6":"product_cat-moski-parfumi","7":"product_cat-parfumi","8":"product_tag-paco-rabanne","9":"pa_kolicina-15ml","10":"pa_kolicina-30ml","11":"pa_kolicina-50ml","12":"pa_kolicina-100ml","14":"first","15":"instock","16":"purchasable","17":"product-type-variable"},"aioseo_notices":[],"_links":{"self":[{"href":"https:\/\/unikatna-slovenija.si\/en\/wp-json\/wp\/v2\/product\/26863","targetHints":{"allow":["GET"]}}],"collection":[{"href":"https:\/\/unikatna-slovenija.si\/en\/wp-json\/wp\/v2\/product"}],"about":[{"href":"https:\/\/unikatna-slovenija.si\/en\/wp-json\/wp\/v2\/types\/product"}],"wp:featuredmedia":[{"embeddable":true,"href":"https:\/\/unikatna-slovenija.si\/en\/wp-json\/wp\/v2\/media\/25655"}],"wp:attachment":[{"href":"https:\/\/unikatna-slovenija.si\/en\/wp-json\/wp\/v2\/media?parent=26863"}],"wp:term":[{"taxonomy":"product_brand","embeddable":true,"href":"https:\/\/unikatna-slovenija.si\/en\/wp-json\/wp\/v2\/product_brand?post=26863"},{"taxonomy":"product_cat","embeddable":true,"href":"https:\/\/unikatna-slovenija.si\/en\/wp-json\/wp\/v2\/product_cat?post=26863"},{"taxonomy":"product_tag","embeddable":true,"href":"https:\/\/unikatna-slovenija.si\/en\/wp-json\/wp\/v2\/product_tag?post=26863"}],"curies":[{"name":"wp","href":"https:\/\/api.w.org\/{rel}","templated":true}]}}