{"id":26843,"date":"2022-04-21T23:47:10","date_gmt":"2022-04-21T22:47:10","guid":{"rendered":"https:\/\/unikatna-slovenija.si\/?post_type=product&#038;p=26843"},"modified":"2022-08-08T19:02:21","modified_gmt":"2022-08-08T18:02:21","slug":"disece-palcke-kadila-za-dom-klincki","status":"publish","type":"product","link":"https:\/\/unikatna-slovenija.si\/en\/trgovina\/disece-palcke-kadila-za-dom-klincki\/","title":{"rendered":"Di\u0161e\u010de pal\u010dke, kadila za dom KLIN\u010cKI"},"content":{"rendered":"","protected":false},"excerpt":{"rendered":"","protected":false},"featured_media":26876,"template":"","meta":[],"product_brand":[],"product_cat":[643,644],"product_tag":[],"class_list":{"0":"post-26843","1":"product","2":"type-product","3":"status-publish","4":"has-post-thumbnail","6":"product_cat-disave-za-dom","7":"product_cat-disece-palcke","9":"first","10":"instock","11":"shipping-taxable","12":"purchasable","13":"product-type-simple"},"aioseo_notices":[],"_links":{"self":[{"href":"https:\/\/unikatna-slovenija.si\/en\/wp-json\/wp\/v2\/product\/26843","targetHints":{"allow":["GET"]}}],"collection":[{"href":"https:\/\/unikatna-slovenija.si\/en\/wp-json\/wp\/v2\/product"}],"about":[{"href":"https:\/\/unikatna-slovenija.si\/en\/wp-json\/wp\/v2\/types\/product"}],"wp:featuredmedia":[{"embeddable":true,"href":"https:\/\/unikatna-slovenija.si\/en\/wp-json\/wp\/v2\/media\/26876"}],"wp:attachment":[{"href":"https:\/\/unikatna-slovenija.si\/en\/wp-json\/wp\/v2\/media?parent=26843"}],"wp:term":[{"taxonomy":"product_brand","embeddable":true,"href":"https:\/\/unikatna-slovenija.si\/en\/wp-json\/wp\/v2\/product_brand?post=26843"},{"taxonomy":"product_cat","embeddable":true,"href":"https:\/\/unikatna-slovenija.si\/en\/wp-json\/wp\/v2\/product_cat?post=26843"},{"taxonomy":"product_tag","embeddable":true,"href":"https:\/\/unikatna-slovenija.si\/en\/wp-json\/wp\/v2\/product_tag?post=26843"}],"curies":[{"name":"wp","href":"https:\/\/api.w.org\/{rel}","templated":true}]}}