{"id":26840,"date":"2022-04-21T23:47:09","date_gmt":"2022-04-21T22:47:09","guid":{"rendered":"https:\/\/unikatna-slovenija.si\/?post_type=product&#038;p=26840"},"modified":"2022-08-08T19:02:23","modified_gmt":"2022-08-08T18:02:23","slug":"disece-palcke-kadila-za-dom-sveti-les","status":"publish","type":"product","link":"https:\/\/unikatna-slovenija.si\/en\/trgovina\/disece-palcke-kadila-za-dom-sveti-les\/","title":{"rendered":"Di\u0161e\u010de pal\u010dke, kadila za dom SVETI LES"},"content":{"rendered":"","protected":false},"excerpt":{"rendered":"","protected":false},"featured_media":25726,"template":"","meta":[],"product_brand":[],"product_cat":[643,644],"product_tag":[],"class_list":{"0":"post-26840","1":"product","2":"type-product","3":"status-publish","4":"has-post-thumbnail","6":"product_cat-disave-za-dom","7":"product_cat-disece-palcke","9":"first","10":"instock","11":"shipping-taxable","12":"purchasable","13":"product-type-simple"},"aioseo_notices":[],"_links":{"self":[{"href":"https:\/\/unikatna-slovenija.si\/en\/wp-json\/wp\/v2\/product\/26840","targetHints":{"allow":["GET"]}}],"collection":[{"href":"https:\/\/unikatna-slovenija.si\/en\/wp-json\/wp\/v2\/product"}],"about":[{"href":"https:\/\/unikatna-slovenija.si\/en\/wp-json\/wp\/v2\/types\/product"}],"wp:featuredmedia":[{"embeddable":true,"href":"https:\/\/unikatna-slovenija.si\/en\/wp-json\/wp\/v2\/media\/25726"}],"wp:attachment":[{"href":"https:\/\/unikatna-slovenija.si\/en\/wp-json\/wp\/v2\/media?parent=26840"}],"wp:term":[{"taxonomy":"product_brand","embeddable":true,"href":"https:\/\/unikatna-slovenija.si\/en\/wp-json\/wp\/v2\/product_brand?post=26840"},{"taxonomy":"product_cat","embeddable":true,"href":"https:\/\/unikatna-slovenija.si\/en\/wp-json\/wp\/v2\/product_cat?post=26840"},{"taxonomy":"product_tag","embeddable":true,"href":"https:\/\/unikatna-slovenija.si\/en\/wp-json\/wp\/v2\/product_tag?post=26840"}],"curies":[{"name":"wp","href":"https:\/\/api.w.org\/{rel}","templated":true}]}}