{"id":26611,"date":"2022-04-21T23:46:12","date_gmt":"2022-04-21T22:46:12","guid":{"rendered":"https:\/\/unikatna-slovenija.si\/?post_type=product&#038;p=26611"},"modified":"2025-02-27T00:58:12","modified_gmt":"2025-02-26T23:58:12","slug":"armani-prive-rose-darabie-armani","status":"publish","type":"product","link":"https:\/\/unikatna-slovenija.si\/en\/trgovina\/armani-prive-rose-darabie-armani\/","title":{"rendered":"ARMANI PRIVE ROSE D&#8217;ARABIE &#8211; Armani"},"content":{"rendered":"","protected":false},"excerpt":{"rendered":"<p><strong>UNISEX PARFUM<\/strong><\/p>\n<p>Parfum Armani Prive Rose DArabie je navdihnjen po srednjeve\u0161ki arabski zgodbi iz 1001 no\u010di. Di\u0161ava skriva eksoti\u010dno skrivnost Orienta s svojimi toplimi, cvetli\u010dnimi in lesnimi notami z osnovo vrtnice, ouda in vanilije.<\/p>\n","protected":false},"featured_media":27254,"template":"","meta":[],"product_brand":[],"product_cat":[221,731],"product_tag":[226],"class_list":{"0":"post-26611","1":"product","2":"type-product","3":"status-publish","4":"has-post-thumbnail","6":"product_cat-parfumi","7":"product_cat-unisex-parfumi","8":"product_tag-armani","9":"pa_kolicina-15ml","10":"pa_kolicina-30ml","11":"pa_kolicina-50ml","12":"pa_kolicina-100ml","14":"first","15":"instock","16":"purchasable","17":"product-type-variable"},"aioseo_notices":[],"_links":{"self":[{"href":"https:\/\/unikatna-slovenija.si\/en\/wp-json\/wp\/v2\/product\/26611","targetHints":{"allow":["GET"]}}],"collection":[{"href":"https:\/\/unikatna-slovenija.si\/en\/wp-json\/wp\/v2\/product"}],"about":[{"href":"https:\/\/unikatna-slovenija.si\/en\/wp-json\/wp\/v2\/types\/product"}],"wp:featuredmedia":[{"embeddable":true,"href":"https:\/\/unikatna-slovenija.si\/en\/wp-json\/wp\/v2\/media\/27254"}],"wp:attachment":[{"href":"https:\/\/unikatna-slovenija.si\/en\/wp-json\/wp\/v2\/media?parent=26611"}],"wp:term":[{"taxonomy":"product_brand","embeddable":true,"href":"https:\/\/unikatna-slovenija.si\/en\/wp-json\/wp\/v2\/product_brand?post=26611"},{"taxonomy":"product_cat","embeddable":true,"href":"https:\/\/unikatna-slovenija.si\/en\/wp-json\/wp\/v2\/product_cat?post=26611"},{"taxonomy":"product_tag","embeddable":true,"href":"https:\/\/unikatna-slovenija.si\/en\/wp-json\/wp\/v2\/product_tag?post=26611"}],"curies":[{"name":"wp","href":"https:\/\/api.w.org\/{rel}","templated":true}]}}