{"id":26522,"date":"2022-04-21T23:45:43","date_gmt":"2022-04-21T22:45:43","guid":{"rendered":"https:\/\/unikatna-slovenija.si\/?post_type=product&#038;p=26522"},"modified":"2025-02-27T00:58:26","modified_gmt":"2025-02-26T23:58:26","slug":"invictus-victory-paco-rabanne","status":"publish","type":"product","link":"https:\/\/unikatna-slovenija.si\/en\/trgovina\/invictus-victory-paco-rabanne\/","title":{"rendered":"INVICTUS VICTORY &#8211; Paco Rabanne"},"content":{"rendered":"","protected":false},"excerpt":{"rendered":"<p><strong>MO\u0160KI PARFUM<\/strong><\/p>\n<p>Od zdaj naprej za vas ne bo nobenega drugega cilja kot zmaga. Va\u0161 instrument uspeha je mo\u0161ki parfum Invictus Victory Paco Rabanne, s katerim boste premaknili svoje meje in iz slovarja odstranili besedo poraz. \u017de od prvega trenutka vas bo navdu\u0161ila kombinacija odmerka prodornih limonskih tonov in ro\u017enatega popra, ki se me\u0161a s kadilom in tako ustvari presenetljivo impresivno povezavo. Vse to poudarjajo toni aromati\u010dne sivke. Val \u010dutnosti nato nastopi v obliki sladko toplih fi\u017eolov tonke, dopolnjenih z vaniljo in jantarnimi toni. Invictus Victory bo \u0161okirala va\u0161e \u010dute. V svoji di\u0161e\u010di sestavi mo\u010dna sve\u017eina ustreza magnetni \u010dutnosti.<\/p>\n","protected":false},"featured_media":25655,"template":"","meta":[],"product_brand":[],"product_cat":[231,221],"product_tag":[237],"class_list":{"0":"post-26522","1":"product","2":"type-product","3":"status-publish","4":"has-post-thumbnail","6":"product_cat-moski-parfumi","7":"product_cat-parfumi","8":"product_tag-paco-rabanne","9":"pa_kolicina-15ml","10":"pa_kolicina-30ml","11":"pa_kolicina-50ml","12":"pa_kolicina-100ml","14":"first","15":"instock","16":"purchasable","17":"product-type-variable"},"aioseo_notices":[],"_links":{"self":[{"href":"https:\/\/unikatna-slovenija.si\/en\/wp-json\/wp\/v2\/product\/26522","targetHints":{"allow":["GET"]}}],"collection":[{"href":"https:\/\/unikatna-slovenija.si\/en\/wp-json\/wp\/v2\/product"}],"about":[{"href":"https:\/\/unikatna-slovenija.si\/en\/wp-json\/wp\/v2\/types\/product"}],"wp:featuredmedia":[{"embeddable":true,"href":"https:\/\/unikatna-slovenija.si\/en\/wp-json\/wp\/v2\/media\/25655"}],"wp:attachment":[{"href":"https:\/\/unikatna-slovenija.si\/en\/wp-json\/wp\/v2\/media?parent=26522"}],"wp:term":[{"taxonomy":"product_brand","embeddable":true,"href":"https:\/\/unikatna-slovenija.si\/en\/wp-json\/wp\/v2\/product_brand?post=26522"},{"taxonomy":"product_cat","embeddable":true,"href":"https:\/\/unikatna-slovenija.si\/en\/wp-json\/wp\/v2\/product_cat?post=26522"},{"taxonomy":"product_tag","embeddable":true,"href":"https:\/\/unikatna-slovenija.si\/en\/wp-json\/wp\/v2\/product_tag?post=26522"}],"curies":[{"name":"wp","href":"https:\/\/api.w.org\/{rel}","templated":true}]}}